{"id":10298,"date":"2025-02-02T11:09:06","date_gmt":"2025-02-02T10:09:06","guid":{"rendered":"http:\/\/www.abenteuerangeln.at\/wordpress\/?page_id=10298"},"modified":"2025-02-20T15:03:38","modified_gmt":"2025-02-20T14:03:38","slug":"eiverstaendniserklaetung","status":"publish","type":"page","link":"http:\/\/www.abenteuerangeln.at\/wordpress\/eiverstaendniserklaetung\/","title":{"rendered":"Einverst\u00e4ndniserkl\u00e4rung Film-, Video- und Fotoaufnahmen"},"content":{"rendered":"\n<style type=\"text\/css\" data-created_by=\"avia_inline_auto\" id=\"style-css-av-m7dej2bn-cbfa857fed0bf580c3f8971b78d7314a\">\n.avia-section.av-m7dej2bn-cbfa857fed0bf580c3f8971b78d7314a{\nbackground-color:#f2f2f2;\nbackground-image:unset;\n}\n<\/style>\n<div id='av_section_1'  class='avia-section av-m7dej2bn-cbfa857fed0bf580c3f8971b78d7314a main_color avia-section-default avia-no-border-styling  avia-builder-el-0  avia-builder-el-no-sibling  avia-bg-style-scroll container_wrap fullsize'  ><div class='container av-section-cont-open' ><main  role=\"main\" itemprop=\"mainContentOfPage\"  class='template-page content  av-content-full alpha units'><div class='post-entry post-entry-type-page post-entry-10298'><div class='entry-content-wrapper clearfix'>\n\n<style type=\"text\/css\" data-created_by=\"avia_inline_auto\" id=\"style-css-av-av_heading-00c3cfb9d3ec4147f8d0c2b2b68ea3f9\">\n#top .av-special-heading.av-av_heading-00c3cfb9d3ec4147f8d0c2b2b68ea3f9{\npadding-bottom:10px;\n}\nbody .av-special-heading.av-av_heading-00c3cfb9d3ec4147f8d0c2b2b68ea3f9 .av-special-heading-tag .heading-char{\nfont-size:25px;\n}\n.av-special-heading.av-av_heading-00c3cfb9d3ec4147f8d0c2b2b68ea3f9 .av-subheading{\nfont-size:15px;\n}\n<\/style>\n<div  class='av-special-heading av-av_heading-00c3cfb9d3ec4147f8d0c2b2b68ea3f9 av-special-heading-h1 blockquote modern-quote  avia-builder-el-1  el_before_av_textblock  avia-builder-el-first '><h1 class='av-special-heading-tag '  itemprop=\"headline\"  >Einwilligungserkl\u00e4rung zur Anfertigung und Nutzung von Film-, Video- und Fotoaufnahmen<\/h1><div class=\"special-heading-border\"><div class=\"special-heading-inner-border\"><\/div><\/div><\/div>\n\n<style type=\"text\/css\" data-created_by=\"avia_inline_auto\" id=\"style-css-av-m7dekwig-34eec2d33a42b0b8c0ac0323432d84f7\">\n#top .av_textblock_section.av-m7dekwig-34eec2d33a42b0b8c0ac0323432d84f7 .avia_textblock{\nfont-size:16px;\n}\n<\/style>\n<section  class='av_textblock_section av-m7dekwig-34eec2d33a42b0b8c0ac0323432d84f7 '   itemscope=\"itemscope\" itemtype=\"https:\/\/schema.org\/CreativeWork\" ><div class='avia_textblock'  itemprop=\"text\" ><p><b>Einr\u00e4umung der Nutzungsrechte<\/b><\/p>\n<p>Ich erkl\u00e4re mich damit einverstanden, dass im Rahmen der Veranstaltung \u201eAbenteuer Angeln\u201c Film-, Video- und Fotoaufnahmen von mir als Teilnehmer im Auftrag des Veranstalters und des ORF Steiermark angefertigt und f\u00fcr folgende Zwecke verwendet werden:<\/p>\n<ul>\n<li>Ver\u00f6ffentlichung auf der Homepage und in Social-Media-Kan\u00e4len, einschlie\u00dflich der Nutzung als Symbolbild, unabh\u00e4ngig vom Kontext der Veranstaltung.<\/li>\n<li>Nutzung in gedruckten Brosch\u00fcren, Flyern und anderen Informationsmaterialien f\u00fcr PR- und Werbezwecke, auch losgel\u00f6st vom Kontext der Veranstaltung.<\/li>\n<li>Verwendung der Film-, Video- und Fotoaufnahmen durch den ORF, inklusive TV- und Online-Angebote.<\/li>\n<li>Nutzung der Aufnahmen f\u00fcr gedruckte und digitale Unterrichts- sowie Vergleichszwecke.<\/li>\n<\/ul>\n<p>Ich verzichte auf jegliche Verg\u00fctung f\u00fcr die Nutzung der Aufnahmen. Die Einwilligung kann schriftlich widerrufen werden. Allerdings verzichte ich mit dem Setzen des Hakens f\u00fcr einen Zeitraum von 10 Jahren ab Anmeldedatum auf dieses Recht. Ein Widerruf nach Ablauf dieser Frist gilt nur f\u00fcr die Zukunft. Diese Einwilligungserkl\u00e4rung erfolgt freiwillig.<\/p>\n<p><b>Erkl\u00e4rung des Erziehungsberechtigten<\/b><\/p>\n<p>Als Erziehungsberechtigter best\u00e4tige ich, meinem Kind den Inhalt der obigen Einwilligungserkl\u00e4rung in verst\u00e4ndlicher Weise erl\u00e4utert zu haben. Ich habe keine Einw\u00e4nde gegen die Abbildung meines Kindes sowie die Nutzung der Film-, Video- und Fotoaufnahmen gem\u00e4\u00df der oben genannten Bedingungen.<\/p>\n<p>Stand: Februar 2025<\/p>\n<\/div><\/section>\n<div  class='avia-button-wrap av-m7deo8i1-36d5a17e94a4da67c22c336979d83689-wrap avia-button-left  avia-builder-el-3  el_after_av_textblock  avia-builder-el-last '>\n<style type=\"text\/css\" data-created_by=\"avia_inline_auto\" id=\"style-css-av-m7deo8i1-36d5a17e94a4da67c22c336979d83689\">\n#top #wrap_all .avia-button.av-m7deo8i1-36d5a17e94a4da67c22c336979d83689{\nbackground-color:#ff0000;\nborder-color:#ff0000;\ncolor:#ffffff;\ntransition:all 0.4s ease-in-out;\n}\n#top #wrap_all .avia-button.av-m7deo8i1-36d5a17e94a4da67c22c336979d83689 .avia-svg-icon svg:first-child{\nfill:#ffffff;\nstroke:#ffffff;\n}\n<\/style>\n<a href='http:\/\/www.abenteuerangeln.at\/wordpress\/dokumente\/Fotorechte2025.pdf'  class='avia-button av-m7deo8i1-36d5a17e94a4da67c22c336979d83689 av-link-btn avia-icon_select-yes-left-icon avia-size-x-large avia-position-left'  target=\"_blank\"  rel=\"noopener noreferrer\"  aria-label=\"Film- Fotorechte Downloaden\"><span class='avia_button_icon avia_button_icon_left avia-iconfont avia-font-entypo-fontello' data-av_icon='\ue84c' data-av_iconfont='entypo-fontello' ><\/span><span class='avia_iconbox_title' >Film- Fotorechte Downloaden<\/span><\/a><\/div>\n\n","protected":false},"excerpt":{"rendered":"","protected":false},"author":1,"featured_media":0,"parent":0,"menu_order":0,"comment_status":"closed","ping_status":"closed","template":"","meta":{"footnotes":""},"class_list":["post-10298","page","type-page","status-publish","hentry"],"yoast_head":"<!-- This site is optimized with the Yoast SEO plugin v27.4 - https:\/\/yoast.com\/product\/yoast-seo-wordpress\/ -->\n<title>Einverst\u00e4ndniserkl\u00e4rung Film-, Video- und Fotoaufnahmen - Abenteuerangeln<\/title>\n<meta name=\"description\" content=\"Einverst\u00e4ndniserkl\u00e4rung das im Rahmen von \u201eAbenteuer Angeln\u201c Film-, Video- und Fotoaufnahmen angefertigt und verwendet werden d\u00fcrfen.\" \/>\n<meta name=\"robots\" content=\"index, follow, max-snippet:-1, max-image-preview:large, max-video-preview:-1\" \/>\n<link rel=\"canonical\" href=\"http:\/\/www.abenteuerangeln.at\/wordpress\/eiverstaendniserklaetung\/\" \/>\n<meta property=\"og:locale\" content=\"de_DE\" \/>\n<meta property=\"og:type\" content=\"article\" \/>\n<meta property=\"og:title\" content=\"Einverst\u00e4ndniserkl\u00e4rung Film-, Video- und Fotoaufnahmen - Abenteuerangeln\" \/>\n<meta property=\"og:description\" content=\"Einverst\u00e4ndniserkl\u00e4rung das im Rahmen von \u201eAbenteuer Angeln\u201c Film-, Video- und Fotoaufnahmen angefertigt und verwendet werden d\u00fcrfen.\" \/>\n<meta property=\"og:url\" content=\"http:\/\/www.abenteuerangeln.at\/wordpress\/eiverstaendniserklaetung\/\" \/>\n<meta property=\"og:site_name\" content=\"Abenteuerangeln\" \/>\n<meta property=\"article:publisher\" content=\"http:\/\/www.facebook.com\/freweinreinhard\/abenteuerangeln\/\" \/>\n<meta property=\"article:modified_time\" content=\"2025-02-20T14:03:38+00:00\" \/>\n<meta name=\"twitter:card\" content=\"summary_large_image\" \/>\n<meta name=\"twitter:label1\" content=\"Gesch\u00e4tzte Lesezeit\" \/>\n\t<meta name=\"twitter:data1\" content=\"2\u00a0Minuten\" \/>\n<script type=\"application\/ld+json\" class=\"yoast-schema-graph\">{\"@context\":\"https:\\\/\\\/schema.org\",\"@graph\":[{\"@type\":\"WebPage\",\"@id\":\"http:\\\/\\\/www.abenteuerangeln.at\\\/wordpress\\\/eiverstaendniserklaetung\\\/\",\"url\":\"http:\\\/\\\/www.abenteuerangeln.at\\\/wordpress\\\/eiverstaendniserklaetung\\\/\",\"name\":\"Einverst\u00e4ndniserkl\u00e4rung Film-, Video- und Fotoaufnahmen - Abenteuerangeln\",\"isPartOf\":{\"@id\":\"https:\\\/\\\/www.abenteuerangeln.at\\\/wordpress\\\/#website\"},\"datePublished\":\"2025-02-02T10:09:06+00:00\",\"dateModified\":\"2025-02-20T14:03:38+00:00\",\"description\":\"Einverst\u00e4ndniserkl\u00e4rung das im Rahmen von \u201eAbenteuer Angeln\u201c Film-, Video- und Fotoaufnahmen angefertigt und verwendet werden d\u00fcrfen.\",\"breadcrumb\":{\"@id\":\"http:\\\/\\\/www.abenteuerangeln.at\\\/wordpress\\\/eiverstaendniserklaetung\\\/#breadcrumb\"},\"inLanguage\":\"de\",\"potentialAction\":[{\"@type\":\"ReadAction\",\"target\":[\"http:\\\/\\\/www.abenteuerangeln.at\\\/wordpress\\\/eiverstaendniserklaetung\\\/\"]}]},{\"@type\":\"BreadcrumbList\",\"@id\":\"http:\\\/\\\/www.abenteuerangeln.at\\\/wordpress\\\/eiverstaendniserklaetung\\\/#breadcrumb\",\"itemListElement\":[{\"@type\":\"ListItem\",\"position\":1,\"name\":\"Startseite\",\"item\":\"https:\\\/\\\/www.abenteuerangeln.at\\\/wordpress\\\/\"},{\"@type\":\"ListItem\",\"position\":2,\"name\":\"Einverst\u00e4ndniserkl\u00e4rung Film-, Video- und Fotoaufnahmen\"}]},{\"@type\":\"WebSite\",\"@id\":\"https:\\\/\\\/www.abenteuerangeln.at\\\/wordpress\\\/#website\",\"url\":\"https:\\\/\\\/www.abenteuerangeln.at\\\/wordpress\\\/\",\"name\":\"Abenteuerangeln\",\"description\":\"Erlebniscamp Abenteuer Angeln, Zeltlager\",\"publisher\":{\"@id\":\"https:\\\/\\\/www.abenteuerangeln.at\\\/wordpress\\\/#organization\"},\"potentialAction\":[{\"@type\":\"SearchAction\",\"target\":{\"@type\":\"EntryPoint\",\"urlTemplate\":\"https:\\\/\\\/www.abenteuerangeln.at\\\/wordpress\\\/?s={search_term_string}\"},\"query-input\":{\"@type\":\"PropertyValueSpecification\",\"valueRequired\":true,\"valueName\":\"search_term_string\"}}],\"inLanguage\":\"de\"},{\"@type\":\"Organization\",\"@id\":\"https:\\\/\\\/www.abenteuerangeln.at\\\/wordpress\\\/#organization\",\"name\":\"Erlebniscamp Abenteuer Angeln\",\"url\":\"https:\\\/\\\/www.abenteuerangeln.at\\\/wordpress\\\/\",\"logo\":{\"@type\":\"ImageObject\",\"inLanguage\":\"de\",\"@id\":\"https:\\\/\\\/www.abenteuerangeln.at\\\/wordpress\\\/#\\\/schema\\\/logo\\\/image\\\/\",\"url\":\"http:\\\/\\\/www.abenteuerangeln.at\\\/wordpress\\\/wp-content\\\/uploads\\\/2025\\\/01\\\/aa_logo-1.png\",\"contentUrl\":\"http:\\\/\\\/www.abenteuerangeln.at\\\/wordpress\\\/wp-content\\\/uploads\\\/2025\\\/01\\\/aa_logo-1.png\",\"width\":340,\"height\":156,\"caption\":\"Erlebniscamp Abenteuer Angeln\"},\"image\":{\"@id\":\"https:\\\/\\\/www.abenteuerangeln.at\\\/wordpress\\\/#\\\/schema\\\/logo\\\/image\\\/\"},\"sameAs\":[\"http:\\\/\\\/www.facebook.com\\\/freweinreinhard\\\/abenteuerangeln\\\/\",\"https:\\\/\\\/www.instagram.com\\\/abenteuerangeln_kurse\\\/\"]}]}<\/script>\n<!-- \/ Yoast SEO plugin. -->","yoast_head_json":{"title":"Einverst\u00e4ndniserkl\u00e4rung Film-, Video- und Fotoaufnahmen - Abenteuerangeln","description":"Einverst\u00e4ndniserkl\u00e4rung das im Rahmen von \u201eAbenteuer Angeln\u201c Film-, Video- und Fotoaufnahmen angefertigt und verwendet werden d\u00fcrfen.","robots":{"index":"index","follow":"follow","max-snippet":"max-snippet:-1","max-image-preview":"max-image-preview:large","max-video-preview":"max-video-preview:-1"},"canonical":"http:\/\/www.abenteuerangeln.at\/wordpress\/eiverstaendniserklaetung\/","og_locale":"de_DE","og_type":"article","og_title":"Einverst\u00e4ndniserkl\u00e4rung Film-, Video- und Fotoaufnahmen - Abenteuerangeln","og_description":"Einverst\u00e4ndniserkl\u00e4rung das im Rahmen von \u201eAbenteuer Angeln\u201c Film-, Video- und Fotoaufnahmen angefertigt und verwendet werden d\u00fcrfen.","og_url":"http:\/\/www.abenteuerangeln.at\/wordpress\/eiverstaendniserklaetung\/","og_site_name":"Abenteuerangeln","article_publisher":"http:\/\/www.facebook.com\/freweinreinhard\/abenteuerangeln\/","article_modified_time":"2025-02-20T14:03:38+00:00","twitter_card":"summary_large_image","twitter_misc":{"Gesch\u00e4tzte Lesezeit":"2\u00a0Minuten"},"schema":{"@context":"https:\/\/schema.org","@graph":[{"@type":"WebPage","@id":"http:\/\/www.abenteuerangeln.at\/wordpress\/eiverstaendniserklaetung\/","url":"http:\/\/www.abenteuerangeln.at\/wordpress\/eiverstaendniserklaetung\/","name":"Einverst\u00e4ndniserkl\u00e4rung Film-, Video- und Fotoaufnahmen - Abenteuerangeln","isPartOf":{"@id":"https:\/\/www.abenteuerangeln.at\/wordpress\/#website"},"datePublished":"2025-02-02T10:09:06+00:00","dateModified":"2025-02-20T14:03:38+00:00","description":"Einverst\u00e4ndniserkl\u00e4rung das im Rahmen von \u201eAbenteuer Angeln\u201c Film-, Video- und Fotoaufnahmen angefertigt und verwendet werden d\u00fcrfen.","breadcrumb":{"@id":"http:\/\/www.abenteuerangeln.at\/wordpress\/eiverstaendniserklaetung\/#breadcrumb"},"inLanguage":"de","potentialAction":[{"@type":"ReadAction","target":["http:\/\/www.abenteuerangeln.at\/wordpress\/eiverstaendniserklaetung\/"]}]},{"@type":"BreadcrumbList","@id":"http:\/\/www.abenteuerangeln.at\/wordpress\/eiverstaendniserklaetung\/#breadcrumb","itemListElement":[{"@type":"ListItem","position":1,"name":"Startseite","item":"https:\/\/www.abenteuerangeln.at\/wordpress\/"},{"@type":"ListItem","position":2,"name":"Einverst\u00e4ndniserkl\u00e4rung Film-, Video- und Fotoaufnahmen"}]},{"@type":"WebSite","@id":"https:\/\/www.abenteuerangeln.at\/wordpress\/#website","url":"https:\/\/www.abenteuerangeln.at\/wordpress\/","name":"Abenteuerangeln","description":"Erlebniscamp Abenteuer Angeln, Zeltlager","publisher":{"@id":"https:\/\/www.abenteuerangeln.at\/wordpress\/#organization"},"potentialAction":[{"@type":"SearchAction","target":{"@type":"EntryPoint","urlTemplate":"https:\/\/www.abenteuerangeln.at\/wordpress\/?s={search_term_string}"},"query-input":{"@type":"PropertyValueSpecification","valueRequired":true,"valueName":"search_term_string"}}],"inLanguage":"de"},{"@type":"Organization","@id":"https:\/\/www.abenteuerangeln.at\/wordpress\/#organization","name":"Erlebniscamp Abenteuer Angeln","url":"https:\/\/www.abenteuerangeln.at\/wordpress\/","logo":{"@type":"ImageObject","inLanguage":"de","@id":"https:\/\/www.abenteuerangeln.at\/wordpress\/#\/schema\/logo\/image\/","url":"http:\/\/www.abenteuerangeln.at\/wordpress\/wp-content\/uploads\/2025\/01\/aa_logo-1.png","contentUrl":"http:\/\/www.abenteuerangeln.at\/wordpress\/wp-content\/uploads\/2025\/01\/aa_logo-1.png","width":340,"height":156,"caption":"Erlebniscamp Abenteuer Angeln"},"image":{"@id":"https:\/\/www.abenteuerangeln.at\/wordpress\/#\/schema\/logo\/image\/"},"sameAs":["http:\/\/www.facebook.com\/freweinreinhard\/abenteuerangeln\/","https:\/\/www.instagram.com\/abenteuerangeln_kurse\/"]}]}},"_links":{"self":[{"href":"http:\/\/www.abenteuerangeln.at\/wordpress\/wp-json\/wp\/v2\/pages\/10298","targetHints":{"allow":["GET"]}}],"collection":[{"href":"http:\/\/www.abenteuerangeln.at\/wordpress\/wp-json\/wp\/v2\/pages"}],"about":[{"href":"http:\/\/www.abenteuerangeln.at\/wordpress\/wp-json\/wp\/v2\/types\/page"}],"author":[{"embeddable":true,"href":"http:\/\/www.abenteuerangeln.at\/wordpress\/wp-json\/wp\/v2\/users\/1"}],"replies":[{"embeddable":true,"href":"http:\/\/www.abenteuerangeln.at\/wordpress\/wp-json\/wp\/v2\/comments?post=10298"}],"version-history":[{"count":8,"href":"http:\/\/www.abenteuerangeln.at\/wordpress\/wp-json\/wp\/v2\/pages\/10298\/revisions"}],"predecessor-version":[{"id":10673,"href":"http:\/\/www.abenteuerangeln.at\/wordpress\/wp-json\/wp\/v2\/pages\/10298\/revisions\/10673"}],"wp:attachment":[{"href":"http:\/\/www.abenteuerangeln.at\/wordpress\/wp-json\/wp\/v2\/media?parent=10298"}],"curies":[{"name":"wp","href":"https:\/\/api.w.org\/{rel}","templated":true}]}}