{"id":10646,"date":"2025-02-20T07:52:51","date_gmt":"2025-02-20T06:52:51","guid":{"rendered":"http:\/\/www.abenteuerangeln.at\/wordpress\/?page_id=10646"},"modified":"2025-02-20T10:25:23","modified_gmt":"2025-02-20T09:25:23","slug":"stornobedingungen-fuer-das-abenteuer-angeln-camp","status":"publish","type":"page","link":"http:\/\/www.abenteuerangeln.at\/wordpress\/stornobedingungen-fuer-das-abenteuer-angeln-camp\/","title":{"rendered":"Storno"},"content":{"rendered":"\n<style type=\"text\/css\" data-created_by=\"avia_inline_auto\" id=\"style-css-av-1xsymc6-12ae05648d9f0d61f007fbce630e7a99\">\n.avia-section.av-1xsymc6-12ae05648d9f0d61f007fbce630e7a99{\nbackground-color:#f2f2f2;\nbackground-image:unset;\n}\n<\/style>\n<div id='av_section_1'  class='avia-section av-1xsymc6-12ae05648d9f0d61f007fbce630e7a99 main_color avia-section-default avia-no-border-styling  avia-builder-el-0  avia-builder-el-no-sibling  avia-bg-style-scroll container_wrap fullsize'  ><div class='container av-section-cont-open' ><main  role=\"main\" itemprop=\"mainContentOfPage\"  class='template-page content  av-content-full alpha units'><div class='post-entry post-entry-type-page post-entry-10646'><div class='entry-content-wrapper clearfix'>\n\n<style type=\"text\/css\" data-created_by=\"avia_inline_auto\" id=\"style-css-av-mn4sja-a8a286591a262cdc8202f16b3d61afd2\">\n#top .av-special-heading.av-mn4sja-a8a286591a262cdc8202f16b3d61afd2{\npadding-bottom:10px;\n}\nbody .av-special-heading.av-mn4sja-a8a286591a262cdc8202f16b3d61afd2 .av-special-heading-tag .heading-char{\nfont-size:25px;\n}\n.av-special-heading.av-mn4sja-a8a286591a262cdc8202f16b3d61afd2 .av-subheading{\nfont-size:15px;\n}\n<\/style>\n<div  class='av-special-heading av-mn4sja-a8a286591a262cdc8202f16b3d61afd2 av-special-heading-h1 blockquote modern-quote  avia-builder-el-1  el_before_av_one_full  avia-builder-el-first '><h1 class='av-special-heading-tag '  itemprop=\"headline\"  >Stornobedingungen<\/h1><div class=\"special-heading-border\"><div class=\"special-heading-inner-border\"><\/div><\/div><\/div>\n\n<style type=\"text\/css\" data-created_by=\"avia_inline_auto\" id=\"style-css-av-1pot7sm-c359c28419bbc24a2dbe3397407a02da\">\n.flex_column.av-1pot7sm-c359c28419bbc24a2dbe3397407a02da{\nborder-radius:0px 0px 0px 0px;\npadding:0px 0px 0px 0px;\n}\n<\/style>\n<div  class='flex_column av-1pot7sm-c359c28419bbc24a2dbe3397407a02da av_one_full  avia-builder-el-2  el_after_av_heading  el_before_av_one_fourth  first flex_column_div av-zero-column-padding  '     ><style type=\"text\/css\" data-created_by=\"avia_inline_auto\" id=\"style-css-av-m7c4h71s-70c85503552d6270682ff6e1f7e6e5d1\">\n#top .av_textblock_section.av-m7c4h71s-70c85503552d6270682ff6e1f7e6e5d1 .avia_textblock{\nfont-size:16px;\n}\n<\/style>\n<section  class='av_textblock_section av-m7c4h71s-70c85503552d6270682ff6e1f7e6e5d1 '   itemscope=\"itemscope\" itemtype=\"https:\/\/schema.org\/CreativeWork\" ><div class='avia_textblock'  itemprop=\"text\" ><p>Die Stornogeb\u00fchr richtet sich prozentual nach dem Camp-Preis und dem Zeitpunkt der R\u00fccktrittserkl\u00e4rung. Als Camp-Preis bzw. Pauschalpreis gilt der Gesamtpreis der vertraglich vereinbarten Leistung ohne Kaution.<\/p>\n<p>Der Kunde ist in allen F\u00e4llen berechtigt, gegen eine Stornogeb\u00fchr vom Vertrag zur\u00fcckzutreten:<\/p>\n<p>60 Tage vor Camp-Beginn: 100 % R\u00fcckerstattung<br \/>\n59 bis 20 Tage vor Camp-Beginn: 35 % Stornokosten<br \/>\n19 bis 10 Tage vor Camp-Beginn: 60 % Stornokosten<br \/>\n9 bis 5 Tage vor Camp-Beginn: 85 % Stornokosten<br \/>\n3 Tagen vor Camp-Beginn: 100 % Stornokosten<\/p>\n<p>Camp-Beginn entspricht dem ersten Tag der ersten Woche.<\/p>\n<p>F\u00fcr eine Stornierung empfehlen wir eine Stornvericherung bei der Europ\u00e4ische Reiseversicherung AG.<span class=\"Apple-converted-space\">\u00a0<\/span><\/p>\n<p>Stand: Februar 2025<\/p>\n<\/div><\/section><\/div>\n<style type=\"text\/css\" data-created_by=\"avia_inline_auto\" id=\"style-css-av-186jqt2-01606167c24b27f03c37273d6fc4d872\">\n.flex_column.av-186jqt2-01606167c24b27f03c37273d6fc4d872{\nborder-radius:0px 0px 0px 0px;\npadding:0px 0px 0px 0px;\n}\n<\/style>\n<div  class='flex_column av-186jqt2-01606167c24b27f03c37273d6fc4d872 av_one_fourth  avia-builder-el-4  el_after_av_one_full  avia-builder-el-last  first flex_column_div av-zero-column-padding  column-top-margin'     ><div  class='avia-button-wrap av-lzwvxy-5c7f576eba71a316b64ae62dcc5c158d-wrap avia-button-left  avia-builder-el-5  avia-builder-el-no-sibling '>\n<style type=\"text\/css\" data-created_by=\"avia_inline_auto\" id=\"style-css-av-lzwvxy-5c7f576eba71a316b64ae62dcc5c158d\">\n#top #wrap_all .avia-button.av-lzwvxy-5c7f576eba71a316b64ae62dcc5c158d{\nbackground-color:#ff0000;\nborder-color:#ff0000;\ncolor:#ffffff;\ntransition:all 0.4s ease-in-out;\n}\n#top #wrap_all .avia-button.av-lzwvxy-5c7f576eba71a316b64ae62dcc5c158d .avia-svg-icon svg:first-child{\nfill:#ffffff;\nstroke:#ffffff;\n}\n<\/style>\n<a href='http:\/\/www.abenteuerangeln.at\/wordpress\/dokumente\/storno2025.pdf'  class='avia-button av-lzwvxy-5c7f576eba71a316b64ae62dcc5c158d av-link-btn avia-icon_select-yes-left-icon avia-size-x-large avia-position-left'  target=\"_blank\"  rel=\"noopener noreferrer\"  aria-label=\"Storno PDF Download\"><span class='avia_button_icon avia_button_icon_left avia-iconfont avia-font-entypo-fontello' data-av_icon='\ue84c' data-av_iconfont='entypo-fontello' ><\/span><span class='avia_iconbox_title' >Storno PDF Download<\/span><\/a><\/div><\/div>\n\n","protected":false},"excerpt":{"rendered":"","protected":false},"author":1,"featured_media":0,"parent":0,"menu_order":0,"comment_status":"closed","ping_status":"closed","template":"","meta":{"footnotes":""},"class_list":["post-10646","page","type-page","status-publish","hentry"],"yoast_head":"<!-- This site is optimized with the Yoast SEO plugin v27.4 - https:\/\/yoast.com\/product\/yoast-seo-wordpress\/ -->\n<title>Storno - Abenteuerangeln<\/title>\n<meta name=\"description\" content=\"Stornobedingungen f\u00fcr das Abenteuer-Angeln-Camp. F\u00fcr eine eventuelle Stornierung empf\u00e4hlen wir eine Stornoversicherung\" \/>\n<meta name=\"robots\" content=\"index, follow, max-snippet:-1, max-image-preview:large, max-video-preview:-1\" \/>\n<link rel=\"canonical\" href=\"https:\/\/www.abenteuerangeln.at\/wordpress\/stornobedingungen-fuer-das-abenteuer-angeln-camp\/\" \/>\n<meta property=\"og:locale\" content=\"de_DE\" \/>\n<meta property=\"og:type\" content=\"article\" \/>\n<meta property=\"og:title\" content=\"Storno - Abenteuerangeln\" \/>\n<meta property=\"og:description\" content=\"Stornobedingungen f\u00fcr das Abenteuer-Angeln-Camp. F\u00fcr eine eventuelle Stornierung empf\u00e4hlen wir eine Stornoversicherung\" \/>\n<meta property=\"og:url\" content=\"https:\/\/www.abenteuerangeln.at\/wordpress\/stornobedingungen-fuer-das-abenteuer-angeln-camp\/\" \/>\n<meta property=\"og:site_name\" content=\"Abenteuerangeln\" \/>\n<meta property=\"article:publisher\" content=\"http:\/\/www.facebook.com\/freweinreinhard\/abenteuerangeln\/\" \/>\n<meta property=\"article:modified_time\" content=\"2025-02-20T09:25:23+00:00\" \/>\n<meta name=\"twitter:card\" content=\"summary_large_image\" \/>\n<meta name=\"twitter:label1\" content=\"Gesch\u00e4tzte Lesezeit\" \/>\n\t<meta name=\"twitter:data1\" content=\"2\u00a0Minuten\" \/>\n<script type=\"application\/ld+json\" class=\"yoast-schema-graph\">{\"@context\":\"https:\\\/\\\/schema.org\",\"@graph\":[{\"@type\":\"WebPage\",\"@id\":\"https:\\\/\\\/www.abenteuerangeln.at\\\/wordpress\\\/stornobedingungen-fuer-das-abenteuer-angeln-camp\\\/\",\"url\":\"https:\\\/\\\/www.abenteuerangeln.at\\\/wordpress\\\/stornobedingungen-fuer-das-abenteuer-angeln-camp\\\/\",\"name\":\"Storno - Abenteuerangeln\",\"isPartOf\":{\"@id\":\"http:\\\/\\\/www.abenteuerangeln.at\\\/wordpress\\\/#website\"},\"datePublished\":\"2025-02-20T06:52:51+00:00\",\"dateModified\":\"2025-02-20T09:25:23+00:00\",\"description\":\"Stornobedingungen f\u00fcr das Abenteuer-Angeln-Camp. F\u00fcr eine eventuelle Stornierung empf\u00e4hlen wir eine Stornoversicherung\",\"breadcrumb\":{\"@id\":\"https:\\\/\\\/www.abenteuerangeln.at\\\/wordpress\\\/stornobedingungen-fuer-das-abenteuer-angeln-camp\\\/#breadcrumb\"},\"inLanguage\":\"de\",\"potentialAction\":[{\"@type\":\"ReadAction\",\"target\":[\"https:\\\/\\\/www.abenteuerangeln.at\\\/wordpress\\\/stornobedingungen-fuer-das-abenteuer-angeln-camp\\\/\"]}]},{\"@type\":\"BreadcrumbList\",\"@id\":\"https:\\\/\\\/www.abenteuerangeln.at\\\/wordpress\\\/stornobedingungen-fuer-das-abenteuer-angeln-camp\\\/#breadcrumb\",\"itemListElement\":[{\"@type\":\"ListItem\",\"position\":1,\"name\":\"Startseite\",\"item\":\"http:\\\/\\\/www.abenteuerangeln.at\\\/wordpress\\\/\"},{\"@type\":\"ListItem\",\"position\":2,\"name\":\"Storno\"}]},{\"@type\":\"WebSite\",\"@id\":\"http:\\\/\\\/www.abenteuerangeln.at\\\/wordpress\\\/#website\",\"url\":\"http:\\\/\\\/www.abenteuerangeln.at\\\/wordpress\\\/\",\"name\":\"Abenteuerangeln\",\"description\":\"Erlebniscamp Abenteuer Angeln, Zeltlager\",\"publisher\":{\"@id\":\"http:\\\/\\\/www.abenteuerangeln.at\\\/wordpress\\\/#organization\"},\"potentialAction\":[{\"@type\":\"SearchAction\",\"target\":{\"@type\":\"EntryPoint\",\"urlTemplate\":\"http:\\\/\\\/www.abenteuerangeln.at\\\/wordpress\\\/?s={search_term_string}\"},\"query-input\":{\"@type\":\"PropertyValueSpecification\",\"valueRequired\":true,\"valueName\":\"search_term_string\"}}],\"inLanguage\":\"de\"},{\"@type\":\"Organization\",\"@id\":\"http:\\\/\\\/www.abenteuerangeln.at\\\/wordpress\\\/#organization\",\"name\":\"Erlebniscamp Abenteuer Angeln\",\"url\":\"http:\\\/\\\/www.abenteuerangeln.at\\\/wordpress\\\/\",\"logo\":{\"@type\":\"ImageObject\",\"inLanguage\":\"de\",\"@id\":\"http:\\\/\\\/www.abenteuerangeln.at\\\/wordpress\\\/#\\\/schema\\\/logo\\\/image\\\/\",\"url\":\"http:\\\/\\\/www.abenteuerangeln.at\\\/wordpress\\\/wp-content\\\/uploads\\\/2025\\\/01\\\/aa_logo-1.png\",\"contentUrl\":\"http:\\\/\\\/www.abenteuerangeln.at\\\/wordpress\\\/wp-content\\\/uploads\\\/2025\\\/01\\\/aa_logo-1.png\",\"width\":340,\"height\":156,\"caption\":\"Erlebniscamp Abenteuer Angeln\"},\"image\":{\"@id\":\"http:\\\/\\\/www.abenteuerangeln.at\\\/wordpress\\\/#\\\/schema\\\/logo\\\/image\\\/\"},\"sameAs\":[\"http:\\\/\\\/www.facebook.com\\\/freweinreinhard\\\/abenteuerangeln\\\/\",\"https:\\\/\\\/www.instagram.com\\\/abenteuerangeln_kurse\\\/\"]}]}<\/script>\n<!-- \/ Yoast SEO plugin. -->","yoast_head_json":{"title":"Storno - Abenteuerangeln","description":"Stornobedingungen f\u00fcr das Abenteuer-Angeln-Camp. F\u00fcr eine eventuelle Stornierung empf\u00e4hlen wir eine Stornoversicherung","robots":{"index":"index","follow":"follow","max-snippet":"max-snippet:-1","max-image-preview":"max-image-preview:large","max-video-preview":"max-video-preview:-1"},"canonical":"https:\/\/www.abenteuerangeln.at\/wordpress\/stornobedingungen-fuer-das-abenteuer-angeln-camp\/","og_locale":"de_DE","og_type":"article","og_title":"Storno - Abenteuerangeln","og_description":"Stornobedingungen f\u00fcr das Abenteuer-Angeln-Camp. F\u00fcr eine eventuelle Stornierung empf\u00e4hlen wir eine Stornoversicherung","og_url":"https:\/\/www.abenteuerangeln.at\/wordpress\/stornobedingungen-fuer-das-abenteuer-angeln-camp\/","og_site_name":"Abenteuerangeln","article_publisher":"http:\/\/www.facebook.com\/freweinreinhard\/abenteuerangeln\/","article_modified_time":"2025-02-20T09:25:23+00:00","twitter_card":"summary_large_image","twitter_misc":{"Gesch\u00e4tzte Lesezeit":"2\u00a0Minuten"},"schema":{"@context":"https:\/\/schema.org","@graph":[{"@type":"WebPage","@id":"https:\/\/www.abenteuerangeln.at\/wordpress\/stornobedingungen-fuer-das-abenteuer-angeln-camp\/","url":"https:\/\/www.abenteuerangeln.at\/wordpress\/stornobedingungen-fuer-das-abenteuer-angeln-camp\/","name":"Storno - Abenteuerangeln","isPartOf":{"@id":"http:\/\/www.abenteuerangeln.at\/wordpress\/#website"},"datePublished":"2025-02-20T06:52:51+00:00","dateModified":"2025-02-20T09:25:23+00:00","description":"Stornobedingungen f\u00fcr das Abenteuer-Angeln-Camp. F\u00fcr eine eventuelle Stornierung empf\u00e4hlen wir eine Stornoversicherung","breadcrumb":{"@id":"https:\/\/www.abenteuerangeln.at\/wordpress\/stornobedingungen-fuer-das-abenteuer-angeln-camp\/#breadcrumb"},"inLanguage":"de","potentialAction":[{"@type":"ReadAction","target":["https:\/\/www.abenteuerangeln.at\/wordpress\/stornobedingungen-fuer-das-abenteuer-angeln-camp\/"]}]},{"@type":"BreadcrumbList","@id":"https:\/\/www.abenteuerangeln.at\/wordpress\/stornobedingungen-fuer-das-abenteuer-angeln-camp\/#breadcrumb","itemListElement":[{"@type":"ListItem","position":1,"name":"Startseite","item":"http:\/\/www.abenteuerangeln.at\/wordpress\/"},{"@type":"ListItem","position":2,"name":"Storno"}]},{"@type":"WebSite","@id":"http:\/\/www.abenteuerangeln.at\/wordpress\/#website","url":"http:\/\/www.abenteuerangeln.at\/wordpress\/","name":"Abenteuerangeln","description":"Erlebniscamp Abenteuer Angeln, Zeltlager","publisher":{"@id":"http:\/\/www.abenteuerangeln.at\/wordpress\/#organization"},"potentialAction":[{"@type":"SearchAction","target":{"@type":"EntryPoint","urlTemplate":"http:\/\/www.abenteuerangeln.at\/wordpress\/?s={search_term_string}"},"query-input":{"@type":"PropertyValueSpecification","valueRequired":true,"valueName":"search_term_string"}}],"inLanguage":"de"},{"@type":"Organization","@id":"http:\/\/www.abenteuerangeln.at\/wordpress\/#organization","name":"Erlebniscamp Abenteuer Angeln","url":"http:\/\/www.abenteuerangeln.at\/wordpress\/","logo":{"@type":"ImageObject","inLanguage":"de","@id":"http:\/\/www.abenteuerangeln.at\/wordpress\/#\/schema\/logo\/image\/","url":"http:\/\/www.abenteuerangeln.at\/wordpress\/wp-content\/uploads\/2025\/01\/aa_logo-1.png","contentUrl":"http:\/\/www.abenteuerangeln.at\/wordpress\/wp-content\/uploads\/2025\/01\/aa_logo-1.png","width":340,"height":156,"caption":"Erlebniscamp Abenteuer Angeln"},"image":{"@id":"http:\/\/www.abenteuerangeln.at\/wordpress\/#\/schema\/logo\/image\/"},"sameAs":["http:\/\/www.facebook.com\/freweinreinhard\/abenteuerangeln\/","https:\/\/www.instagram.com\/abenteuerangeln_kurse\/"]}]}},"_links":{"self":[{"href":"http:\/\/www.abenteuerangeln.at\/wordpress\/wp-json\/wp\/v2\/pages\/10646","targetHints":{"allow":["GET"]}}],"collection":[{"href":"http:\/\/www.abenteuerangeln.at\/wordpress\/wp-json\/wp\/v2\/pages"}],"about":[{"href":"http:\/\/www.abenteuerangeln.at\/wordpress\/wp-json\/wp\/v2\/types\/page"}],"author":[{"embeddable":true,"href":"http:\/\/www.abenteuerangeln.at\/wordpress\/wp-json\/wp\/v2\/users\/1"}],"replies":[{"embeddable":true,"href":"http:\/\/www.abenteuerangeln.at\/wordpress\/wp-json\/wp\/v2\/comments?post=10646"}],"version-history":[{"count":11,"href":"http:\/\/www.abenteuerangeln.at\/wordpress\/wp-json\/wp\/v2\/pages\/10646\/revisions"}],"predecessor-version":[{"id":10657,"href":"http:\/\/www.abenteuerangeln.at\/wordpress\/wp-json\/wp\/v2\/pages\/10646\/revisions\/10657"}],"wp:attachment":[{"href":"http:\/\/www.abenteuerangeln.at\/wordpress\/wp-json\/wp\/v2\/media?parent=10646"}],"curies":[{"name":"wp","href":"https:\/\/api.w.org\/{rel}","templated":true}]}}