{"id":1395,"date":"2016-08-31T16:35:10","date_gmt":"2016-08-31T14:35:10","guid":{"rendered":"http:\/\/www.abenteuerangeln.at\/wordpress\/?page_id=1395"},"modified":"2022-01-07T09:50:56","modified_gmt":"2022-01-07T08:50:56","slug":"bedingungen","status":"publish","type":"page","link":"http:\/\/www.abenteuerangeln.at\/wordpress\/bedingungen\/","title":{"rendered":"Bedingungen"},"content":{"rendered":"<div id='full_slider_1'  class='avia-fullwidth-slider main_color avia-shadow   avia-builder-el-0  el_before_av_section  avia-builder-el-first   container_wrap fullsize'  ><div  class='avia-slideshow av-av_slideshow_full-88bceaa99f9d76a1e367a6f837e5326a avia-slideshow-featured_large av_slideshow_full avia-fade-slider av-slideshow-ui av-control-default av-slideshow-manual av-loop-once av-loop-manual-endless av-default-height-applied   avia-slideshow-1' data-slideshow-options=\"{&quot;animation&quot;:&quot;fade&quot;,&quot;autoplay&quot;:false,&quot;loop_autoplay&quot;:&quot;once&quot;,&quot;interval&quot;:5,&quot;loop_manual&quot;:&quot;manual-endless&quot;,&quot;autoplay_stopper&quot;:false,&quot;noNavigation&quot;:false,&quot;bg_slider&quot;:false,&quot;keep_padding&quot;:false,&quot;hoverpause&quot;:false,&quot;show_slide_delay&quot;:0}\"  itemprop=\"image\" itemscope=\"itemscope\" itemtype=\"https:\/\/schema.org\/ImageObject\" ><ul class='avia-slideshow-inner ' style='padding-bottom: 40%;'><li  class='avia-slideshow-slide av-av_slideshow_full-88bceaa99f9d76a1e367a6f837e5326a__0  av-single-slide slide-1 slide-odd'><div data-rel='slideshow-1' class='avia-slide-wrap '   ><img decoding=\"async\" fetchpriority=\"high\" class=\"wp-image-1404 avia-img-lazy-loading-not-1404\"  src=\"http:\/\/www.abenteuerangeln.at\/wordpress\/wp-content\/uploads\/2016\/08\/banner_bigcarp_g-1500x600.jpg\" width=\"1500\" height=\"600\" title='banner_bigcarp_g' alt=''  itemprop=\"thumbnailUrl\"   \/><\/div><\/li><\/ul><\/div><\/div>\n<div id='av_section_1'  class='avia-section av-av_section-d18d8c2c81d10022ebd21ffa95322c35 main_color avia-section-default avia-no-shadow  avia-builder-el-1  el_after_av_slideshow_full  avia-builder-el-last  avia-bg-style-scroll container_wrap fullsize'  ><div class='container av-section-cont-open' ><div class='template-page content  av-content-full alpha units'><div class='post-entry post-entry-type-page post-entry-1395'><div class='entry-content-wrapper clearfix'>\n\n<style type=\"text\/css\" data-created_by=\"avia_inline_auto\" id=\"style-css-av-av_one_full-6126cab7d8fab8d08143dd2dacdf673c\">\n.flex_column.av-av_one_full-6126cab7d8fab8d08143dd2dacdf673c{\nborder-radius:0px 0px 0px 0px;\npadding:0px 0px 0px 0px;\n}\n<\/style>\n<div  class='flex_column av-av_one_full-6126cab7d8fab8d08143dd2dacdf673c av_one_full  avia-builder-el-2  avia-builder-el-no-sibling  first flex_column_div av-zero-column-padding  '     ><p>\n<style type=\"text\/css\" data-created_by=\"avia_inline_auto\" id=\"style-css-av-av_heading-ad860e9030f16d03709dc5c7fe764477\">\n#top .av-special-heading.av-av_heading-ad860e9030f16d03709dc5c7fe764477{\npadding-bottom:30px;\n}\nbody .av-special-heading.av-av_heading-ad860e9030f16d03709dc5c7fe764477 .av-special-heading-tag .heading-char{\nfont-size:25px;\n}\n.av-special-heading.av-av_heading-ad860e9030f16d03709dc5c7fe764477 .av-subheading{\nfont-size:15px;\n}\n<\/style>\n<div  class='av-special-heading av-av_heading-ad860e9030f16d03709dc5c7fe764477 av-special-heading-h1 blockquote modern-quote modern-centered  avia-builder-el-3  el_before_av_textblock  avia-builder-el-first '><h1 class='av-special-heading-tag '  itemprop=\"headline\"  >Herzlich willkommen am Inkognito Lake<\/h1><div class='av-subheading av-subheading_below'><p>Dein Traum vom kapitalen Fang wird Wirklichkeit.<\/p>\n<\/div><div class=\"special-heading-border\"><div class=\"special-heading-inner-border\"><\/div><\/div><\/div><br \/>\n<section  class='av_textblock_section av-av_textblock-0366cc7376be6c9e82a3e9cc8987b64f '   itemscope=\"itemscope\" itemtype=\"https:\/\/schema.org\/CreativeWork\" ><div class='avia_textblock'  itemprop=\"text\" ><p class=\"text-justify\">Seit 13 Jahren ist der Inkognito Lake im\u00a0Besitz der Austrian Paylakes GesnbR, Mitterstrasse 12, 8111 Gratwein-Strassengel, GF Muster Ren\u00e9. Ren\u00e9 ist es gelungen, aus einem 200 Jahre alten Naturteich ein Juwel f\u00fcr den Karpfenangler zu zaubern. Das\u00a0erreichte die\u00a0Austrian Paylakes GesnbR\u00a0durch gezielte Besatzma\u00dfnahmen, und j\u00e4hrliche Bestandskontrollen.\u00a0Ein Gro\u00dfkarpfenparadies ist entstanden, welches vergleichbar schwer zu finden ist. Tagesf\u00e4nge von mehreren 20+ Fischen sind hier keine Seltenheit.\u00a0Das Fischen ist nur an\u00a0den vorgegebenen Pl\u00e4tzen erlaubt. Platz 4, 5 und 6 sind Stegpl\u00e4tze auf denen ein 2,5 Mann Zelt\u00a0fix\u00a0montiert\u00a0ist.<\/p>\n<p class=\"text-justify\">Die Tiefe des Sees betr\u00e4gt\u00a0am\u00a0Platz 6 ca.\u00a01,50 m\u00a0und am\u00a0Platz 1 Haus am See\u00a0ca.\u00a05 m.\u00a0Der See bietet kaum Hindernisse\u00a0au\u00dfer\u00a0abgebrochene\u00a0\u00c4sten.<\/p>\n<p>Ca\u00a0600 Karpfen, 100 Amure und 200 Kapitale Schleien leben im See.\u00a0Der Seerekord liegt bei 28,90 kg der 2016 gebrochen wurde. Im See befinden sich\u00a0mehr als\u00a0100 Karpfen \u00fcber 20 kg. Das Durchschnittsgewicht liegt bei 15 kg.<\/p>\n<p class=\"text-justify\"><strong>Gew\u00e4sserbestimmungen Inkognito Lake:<\/strong><\/p>\n<ul>\n<li>Das Fischen am Damm ist NICHT erlaubt<\/li>\n<li>Das Fischen ist nur auf den gekennzeichneten und gebuchten Pl\u00e4tzen erlaubt.<\/li>\n<li>Matchfischen, Spinnfischen, Schwimmerfischen, Schwimmbrot\/Semmelfischen, Oberfl\u00e4chenfischen ist verboten.<\/li>\n<li>Raubfische sind das ganze Jahr geschont. Deren Befischung ist verboten.<\/li>\n<li>Die Verwendung dick gepolsterter\u00a0Abhakmatten (mind. 120 x\u00a090 cm) noch besser sind Cradle sind verpflichtend.<\/li>\n<li>Es besteht Absenkblei Pflicht.<\/li>\n<li>Verwendung gro\u00dfer\u00a0Kescher mit mind. 100cm B\u00fcgelweite sind vorausgesetzt.<\/li>\n<li>Karpfens\u00e4cke sind nicht zugelassen (Kein Fisch darf geh\u00e4ltert\u00a0werden).<\/li>\n<li>Geflochtene Hauptschn\u00fcre sind verboten.<\/li>\n<li>Alle Spare Point Haken sind verboten (Owner Flyliner, SSW Haken etc.)<\/li>\n<li>Bitte verwenden Sie Needle\u00a0Point Haken.<\/li>\n<li>Keine Schonhakenpflicht!<\/li>\n<li>Klinikum vorgeschrieben.<\/li>\n<li>Die Schnurst\u00e4rke muss mindesten 0,33 mm oder h\u00f6her betragen.<\/li>\n<li>Es sind keine Schlagschn\u00fcre erlaubt.<\/li>\n<li>Das Fischen ist nur auf den gekennzeichneten, und gebuchten Pl\u00e4tzen erlaubt.<\/li>\n<li>Montagen m\u00fcssen 90 Grad zum Ufer auslegt werden, sodass der direkte Angelnachbar nicht behindert wird.<\/li>\n<li>Offenes Feuer bzw. Grillen ist im gesamten Gel\u00e4nde verboten.<\/li>\n<li>Jeder Platz ist sauber zu hinterlassen. Eigener M\u00fcll muss wieder mitgenommen werden.<\/li>\n<li>Campingwagen sind nicht erlaubt (Ausnahme sind Wohnmobile).<\/li>\n<li>Das Zelten bzw. campieren im Wald ist nicht erlaubt.<\/li>\n<li>Alle Autos sind auf den daf\u00fcr vorgesehenen Parkpl\u00e4tzen zu parken.<\/li>\n<\/ul>\n<p class=\"text-justify\"><strong>Erlaubt ist:<\/strong><\/p>\n<ul>\n<li>Das Auslegen und Drillen mit dem Boot.<\/li>\n<li>Futterboote<\/li>\n<li>E-Motor und Echolot sind erlaubt.<\/li>\n<li>F\u00fcttern am Inkognito Lake ist erlaubt (Die Partikel m\u00fcssen gekocht werden).<\/li>\n<\/ul>\n<\/div><\/section><\/p><\/div>\n\n","protected":false},"excerpt":{"rendered":"","protected":false},"author":1,"featured_media":0,"parent":0,"menu_order":0,"comment_status":"closed","ping_status":"closed","template":"","meta":{"footnotes":""},"class_list":["post-1395","page","type-page","status-publish","hentry"],"yoast_head":"<!-- This site is optimized with the Yoast SEO plugin v27.4 - https:\/\/yoast.com\/product\/yoast-seo-wordpress\/ -->\n<title>Bedingungen - Abenteuerangeln<\/title>\n<meta name=\"robots\" content=\"index, follow, max-snippet:-1, max-image-preview:large, max-video-preview:-1\" \/>\n<link rel=\"canonical\" href=\"https:\/\/www.abenteuerangeln.at\/wordpress\/bedingungen\/\" \/>\n<meta property=\"og:locale\" content=\"de_DE\" \/>\n<meta property=\"og:type\" content=\"article\" \/>\n<meta property=\"og:title\" content=\"Bedingungen - Abenteuerangeln\" \/>\n<meta property=\"og:url\" content=\"https:\/\/www.abenteuerangeln.at\/wordpress\/bedingungen\/\" \/>\n<meta property=\"og:site_name\" content=\"Abenteuerangeln\" \/>\n<meta property=\"article:publisher\" content=\"http:\/\/www.facebook.com\/freweinreinhard\/abenteuerangeln\/\" \/>\n<meta property=\"article:modified_time\" content=\"2022-01-07T08:50:56+00:00\" \/>\n<meta name=\"twitter:card\" content=\"summary_large_image\" \/>\n<meta name=\"twitter:label1\" content=\"Gesch\u00e4tzte Lesezeit\" \/>\n\t<meta name=\"twitter:data1\" content=\"3\u00a0Minuten\" \/>\n<script type=\"application\/ld+json\" class=\"yoast-schema-graph\">{\"@context\":\"https:\\\/\\\/schema.org\",\"@graph\":[{\"@type\":\"WebPage\",\"@id\":\"https:\\\/\\\/www.abenteuerangeln.at\\\/wordpress\\\/bedingungen\\\/\",\"url\":\"https:\\\/\\\/www.abenteuerangeln.at\\\/wordpress\\\/bedingungen\\\/\",\"name\":\"Bedingungen - Abenteuerangeln\",\"isPartOf\":{\"@id\":\"https:\\\/\\\/www.abenteuerangeln.at\\\/wordpress\\\/#website\"},\"datePublished\":\"2016-08-31T14:35:10+00:00\",\"dateModified\":\"2022-01-07T08:50:56+00:00\",\"breadcrumb\":{\"@id\":\"https:\\\/\\\/www.abenteuerangeln.at\\\/wordpress\\\/bedingungen\\\/#breadcrumb\"},\"inLanguage\":\"de\",\"potentialAction\":[{\"@type\":\"ReadAction\",\"target\":[\"https:\\\/\\\/www.abenteuerangeln.at\\\/wordpress\\\/bedingungen\\\/\"]}]},{\"@type\":\"BreadcrumbList\",\"@id\":\"https:\\\/\\\/www.abenteuerangeln.at\\\/wordpress\\\/bedingungen\\\/#breadcrumb\",\"itemListElement\":[{\"@type\":\"ListItem\",\"position\":1,\"name\":\"Startseite\",\"item\":\"https:\\\/\\\/www.abenteuerangeln.at\\\/wordpress\\\/\"},{\"@type\":\"ListItem\",\"position\":2,\"name\":\"Bedingungen\"}]},{\"@type\":\"WebSite\",\"@id\":\"https:\\\/\\\/www.abenteuerangeln.at\\\/wordpress\\\/#website\",\"url\":\"https:\\\/\\\/www.abenteuerangeln.at\\\/wordpress\\\/\",\"name\":\"Abenteuerangeln\",\"description\":\"Erlebniscamp Abenteuer Angeln, Zeltlager\",\"publisher\":{\"@id\":\"https:\\\/\\\/www.abenteuerangeln.at\\\/wordpress\\\/#organization\"},\"potentialAction\":[{\"@type\":\"SearchAction\",\"target\":{\"@type\":\"EntryPoint\",\"urlTemplate\":\"https:\\\/\\\/www.abenteuerangeln.at\\\/wordpress\\\/?s={search_term_string}\"},\"query-input\":{\"@type\":\"PropertyValueSpecification\",\"valueRequired\":true,\"valueName\":\"search_term_string\"}}],\"inLanguage\":\"de\"},{\"@type\":\"Organization\",\"@id\":\"https:\\\/\\\/www.abenteuerangeln.at\\\/wordpress\\\/#organization\",\"name\":\"Erlebniscamp Abenteuer Angeln\",\"url\":\"https:\\\/\\\/www.abenteuerangeln.at\\\/wordpress\\\/\",\"logo\":{\"@type\":\"ImageObject\",\"inLanguage\":\"de\",\"@id\":\"https:\\\/\\\/www.abenteuerangeln.at\\\/wordpress\\\/#\\\/schema\\\/logo\\\/image\\\/\",\"url\":\"http:\\\/\\\/www.abenteuerangeln.at\\\/wordpress\\\/wp-content\\\/uploads\\\/2025\\\/01\\\/aa_logo-1.png\",\"contentUrl\":\"http:\\\/\\\/www.abenteuerangeln.at\\\/wordpress\\\/wp-content\\\/uploads\\\/2025\\\/01\\\/aa_logo-1.png\",\"width\":340,\"height\":156,\"caption\":\"Erlebniscamp Abenteuer Angeln\"},\"image\":{\"@id\":\"https:\\\/\\\/www.abenteuerangeln.at\\\/wordpress\\\/#\\\/schema\\\/logo\\\/image\\\/\"},\"sameAs\":[\"http:\\\/\\\/www.facebook.com\\\/freweinreinhard\\\/abenteuerangeln\\\/\",\"https:\\\/\\\/www.instagram.com\\\/abenteuerangeln_kurse\\\/\"]}]}<\/script>\n<!-- \/ Yoast SEO plugin. -->","yoast_head_json":{"title":"Bedingungen - Abenteuerangeln","robots":{"index":"index","follow":"follow","max-snippet":"max-snippet:-1","max-image-preview":"max-image-preview:large","max-video-preview":"max-video-preview:-1"},"canonical":"https:\/\/www.abenteuerangeln.at\/wordpress\/bedingungen\/","og_locale":"de_DE","og_type":"article","og_title":"Bedingungen - Abenteuerangeln","og_url":"https:\/\/www.abenteuerangeln.at\/wordpress\/bedingungen\/","og_site_name":"Abenteuerangeln","article_publisher":"http:\/\/www.facebook.com\/freweinreinhard\/abenteuerangeln\/","article_modified_time":"2022-01-07T08:50:56+00:00","twitter_card":"summary_large_image","twitter_misc":{"Gesch\u00e4tzte Lesezeit":"3\u00a0Minuten"},"schema":{"@context":"https:\/\/schema.org","@graph":[{"@type":"WebPage","@id":"https:\/\/www.abenteuerangeln.at\/wordpress\/bedingungen\/","url":"https:\/\/www.abenteuerangeln.at\/wordpress\/bedingungen\/","name":"Bedingungen - Abenteuerangeln","isPartOf":{"@id":"https:\/\/www.abenteuerangeln.at\/wordpress\/#website"},"datePublished":"2016-08-31T14:35:10+00:00","dateModified":"2022-01-07T08:50:56+00:00","breadcrumb":{"@id":"https:\/\/www.abenteuerangeln.at\/wordpress\/bedingungen\/#breadcrumb"},"inLanguage":"de","potentialAction":[{"@type":"ReadAction","target":["https:\/\/www.abenteuerangeln.at\/wordpress\/bedingungen\/"]}]},{"@type":"BreadcrumbList","@id":"https:\/\/www.abenteuerangeln.at\/wordpress\/bedingungen\/#breadcrumb","itemListElement":[{"@type":"ListItem","position":1,"name":"Startseite","item":"https:\/\/www.abenteuerangeln.at\/wordpress\/"},{"@type":"ListItem","position":2,"name":"Bedingungen"}]},{"@type":"WebSite","@id":"https:\/\/www.abenteuerangeln.at\/wordpress\/#website","url":"https:\/\/www.abenteuerangeln.at\/wordpress\/","name":"Abenteuerangeln","description":"Erlebniscamp Abenteuer Angeln, Zeltlager","publisher":{"@id":"https:\/\/www.abenteuerangeln.at\/wordpress\/#organization"},"potentialAction":[{"@type":"SearchAction","target":{"@type":"EntryPoint","urlTemplate":"https:\/\/www.abenteuerangeln.at\/wordpress\/?s={search_term_string}"},"query-input":{"@type":"PropertyValueSpecification","valueRequired":true,"valueName":"search_term_string"}}],"inLanguage":"de"},{"@type":"Organization","@id":"https:\/\/www.abenteuerangeln.at\/wordpress\/#organization","name":"Erlebniscamp Abenteuer Angeln","url":"https:\/\/www.abenteuerangeln.at\/wordpress\/","logo":{"@type":"ImageObject","inLanguage":"de","@id":"https:\/\/www.abenteuerangeln.at\/wordpress\/#\/schema\/logo\/image\/","url":"http:\/\/www.abenteuerangeln.at\/wordpress\/wp-content\/uploads\/2025\/01\/aa_logo-1.png","contentUrl":"http:\/\/www.abenteuerangeln.at\/wordpress\/wp-content\/uploads\/2025\/01\/aa_logo-1.png","width":340,"height":156,"caption":"Erlebniscamp Abenteuer Angeln"},"image":{"@id":"https:\/\/www.abenteuerangeln.at\/wordpress\/#\/schema\/logo\/image\/"},"sameAs":["http:\/\/www.facebook.com\/freweinreinhard\/abenteuerangeln\/","https:\/\/www.instagram.com\/abenteuerangeln_kurse\/"]}]}},"_links":{"self":[{"href":"http:\/\/www.abenteuerangeln.at\/wordpress\/wp-json\/wp\/v2\/pages\/1395","targetHints":{"allow":["GET"]}}],"collection":[{"href":"http:\/\/www.abenteuerangeln.at\/wordpress\/wp-json\/wp\/v2\/pages"}],"about":[{"href":"http:\/\/www.abenteuerangeln.at\/wordpress\/wp-json\/wp\/v2\/types\/page"}],"author":[{"embeddable":true,"href":"http:\/\/www.abenteuerangeln.at\/wordpress\/wp-json\/wp\/v2\/users\/1"}],"replies":[{"embeddable":true,"href":"http:\/\/www.abenteuerangeln.at\/wordpress\/wp-json\/wp\/v2\/comments?post=1395"}],"version-history":[{"count":9,"href":"http:\/\/www.abenteuerangeln.at\/wordpress\/wp-json\/wp\/v2\/pages\/1395\/revisions"}],"predecessor-version":[{"id":1407,"href":"http:\/\/www.abenteuerangeln.at\/wordpress\/wp-json\/wp\/v2\/pages\/1395\/revisions\/1407"}],"wp:attachment":[{"href":"http:\/\/www.abenteuerangeln.at\/wordpress\/wp-json\/wp\/v2\/media?parent=1395"}],"curies":[{"name":"wp","href":"https:\/\/api.w.org\/{rel}","templated":true}]}}