{"id":2645,"date":"2018-07-26T15:58:39","date_gmt":"2018-07-26T13:58:39","guid":{"rendered":"http:\/\/www.abenteuerangeln.at\/wordpress\/?page_id=2645"},"modified":"2025-02-20T14:50:34","modified_gmt":"2025-02-20T13:50:34","slug":"datenschutzerklaerung","status":"publish","type":"page","link":"http:\/\/www.abenteuerangeln.at\/wordpress\/datenschutzerklaerung\/","title":{"rendered":"Datenschutzerkl\u00e4rung"},"content":{"rendered":"\n<style type=\"text\/css\" data-created_by=\"avia_inline_auto\" id=\"style-css-av-m7deayad-64feace7ad38f7926310e5582df0f93a\">\n.avia-section.av-m7deayad-64feace7ad38f7926310e5582df0f93a{\nbackground-color:#f2f2f2;\nbackground-image:unset;\n}\n<\/style>\n<div id='av_section_1'  class='avia-section av-m7deayad-64feace7ad38f7926310e5582df0f93a main_color avia-section-default avia-no-border-styling  avia-builder-el-0  avia-builder-el-no-sibling  avia-bg-style-scroll container_wrap fullsize'  ><div class='container av-section-cont-open' ><main  role=\"main\" itemprop=\"mainContentOfPage\"  class='template-page content  av-content-full alpha units'><div class='post-entry post-entry-type-page post-entry-2645'><div class='entry-content-wrapper clearfix'>\n\n<style type=\"text\/css\" data-created_by=\"avia_inline_auto\" id=\"style-css-av-av_heading-c597f793730579bef57bd825216d2df6\">\n#top .av-special-heading.av-av_heading-c597f793730579bef57bd825216d2df6{\npadding-bottom:10px;\n}\nbody .av-special-heading.av-av_heading-c597f793730579bef57bd825216d2df6 .av-special-heading-tag .heading-char{\nfont-size:25px;\n}\n.av-special-heading.av-av_heading-c597f793730579bef57bd825216d2df6 .av-subheading{\nfont-size:15px;\n}\n<\/style>\n<div  class='av-special-heading av-av_heading-c597f793730579bef57bd825216d2df6 av-special-heading-h1 blockquote modern-quote  avia-builder-el-1  el_before_av_textblock  avia-builder-el-first '><h1 class='av-special-heading-tag '  itemprop=\"headline\"  >Datenschutzerkl\u00e4rung<\/h1><div class=\"special-heading-border\"><div class=\"special-heading-inner-border\"><\/div><\/div><\/div>\n\n<style type=\"text\/css\" data-created_by=\"avia_inline_auto\" id=\"style-css-av-k4016n7q-3d489ba87d3fe5dbdfbb0a998b63c9e9\">\n#top .av_textblock_section.av-k4016n7q-3d489ba87d3fe5dbdfbb0a998b63c9e9 .avia_textblock{\nfont-size:16px;\n}\n<\/style>\n<section  class='av_textblock_section av-k4016n7q-3d489ba87d3fe5dbdfbb0a998b63c9e9 '   itemscope=\"itemscope\" itemtype=\"https:\/\/schema.org\/CreativeWork\" ><div class='avia_textblock'  itemprop=\"text\" ><p><b>Datenschutzerkl\u00e4rung von Abenteuer Angeln oder einer unserer Veranstaltungen<\/b><\/p>\n<p>Der Schutz Ihrer personenbezogenen Daten ist uns ein besonderes Anliegen. Daher halten wir uns bei der Erhebung und Verarbeitung Ihrer personenbezogenen Daten strikt an die gesetzlichen Vorgaben. Wir verarbeiten Ihre personenbezogenen Daten ausschlie\u00dflich im Rahmen der Bestimmungen der Europ\u00e4ischen Datenschutz-Grundverordnung (DSGVO) sowie der \u00f6sterreichischen datenschutzrechtlichen Bestimmungen, insbesondere des \u00f6sterreichischen Datenschutzgesetzes (DSG). Nachfolgend informieren wir Sie \u00fcber uns sowie \u00fcber Art, Umfang und Zweck der Datenerhebung und -verwendung:<\/p>\n<p><b>Verantwortlicher f\u00fcr die Datenverarbeitung<\/b><br \/>\nErlebniscamp Abenteuer Angeln, Reinhard Frewein, Remschniggstra\u00dfe 260, 8454 Arnfels<\/p>\n<p><b>Ansprechpartner f\u00fcr datenschutzrechtliche Belange<\/b><br \/>\nReinhard FreweinTelefon: 0664\/3586961oder E-Mail: info@abenteuerangeln.at<\/p>\n<p><b>Erhebung und Verarbeitung von Daten<\/b><br \/>\nWir verarbeiten die von Ihnen im Rahmen Ihrer Anmeldung zu Abenteuer Angeln oder einer unserer Veranstaltungen zur Verf\u00fcgung gestellten personenbezogenen Daten sowie jene, die gegebenenfalls w\u00e4hrend der Veranstaltung anfallen. Die Rechtsgrundlage der Datenverarbeitung sind vorvertragliche bzw. vertragliche Ma\u00dfnahmen gem\u00e4\u00df Art. 6 Abs. 1 lit. b DSGVO. Die Datenverarbeitung erfolgt zur Abwicklung Ihrer Anmeldung und zur Durchf\u00fchrung der Veranstaltung.<\/p>\n<p>Das Bereitstellen der personenbezogenen Daten ist gesetzlich oder vertraglich nicht vorgeschrieben, jedoch f\u00fcr die Abwicklung Ihrer Anmeldung und Ihre Teilnahme an der Veranstaltung erforderlich. Die Nichtbereitstellung der Daten f\u00fchrt dazu, dass Ihre Anmeldung nicht bearbeitet werden kann und eine Teilnahme nicht m\u00f6glich ist.<\/p>\n<p>Ihre Daten werden dar\u00fcber hinaus f\u00fcr ausgew\u00e4hlte Zusendungen zu aktuellen Themen und Veranstaltungen genutzt. Rechtsgrundlage dieser Verarbeitung ist unser berechtigtes Interesse gem\u00e4\u00df Art. 6 Abs. 1 lit. f DSGVO. Sie k\u00f6nnen dieser Verarbeitung jederzeit widersprechen. Der Widerspruch hat zur Folge, dass wir Ihre Daten ab diesem Zeitpunkt nicht mehr f\u00fcr Marketingzwecke verwenden. Ihren Widerspruch richten Sie bitte per E-Mail an info@abenteuerangeln.at.<\/p>\n<p>Mit Ihrer Teilnahme an der Veranstaltung nehmen Sie zur Kenntnis, dass im Rahmen der Veranstaltung Text-, Bild-, Video- und\/oder Tonaufnahmen erstellt werden k\u00f6nnen. Diese k\u00f6nnen von Abenteuer Angeln im rechtlich zul\u00e4ssigen Rahmen (z. B. \u00a7 78 UrhG) insbesondere zu Dokumentationszwecken genutzt werden.<\/p>\n<p><b>Empf\u00e4nger der Daten<\/b><br \/>\nDie erhobenen Daten werden grunds\u00e4tzlich nicht an externe Empf\u00e4nger weitergegeben. Im Einzelfall k\u00f6nnen Text-, Bild-, Video- und\/oder Tonaufnahmen zu Dokumentationszwecken ver\u00f6ffentlicht werden.<\/p>\n<p><b>Daten\u00fcbermittlung an Drittl\u00e4nder<\/b><br \/>\nEs erfolgt keine \u00dcbermittlung der erhobenen Daten an ein Drittland.<\/p>\n<p><b>Speicherdauer<\/b><br \/>\nDie Speicherung Ihrer personenbezogenen Daten erfolgt bis zum Ablauf der f\u00fcr uns geltenden Gew\u00e4hrleistungs-, Verj\u00e4hrungs- und gesetzlichen Aufbewahrungsfristen. Dar\u00fcber hinaus werden die Daten bis zur Beendigung allf\u00e4lliger Rechtsstreitigkeiten, bei denen sie als Beweismittel ben\u00f6tigt werden, aufbewahrt.<\/p>\n<p><b>Ihre Rechte<\/b><br \/>\nGem\u00e4\u00df der DSGVO stehen Ihnen als betroffene Person die folgenden Rechte zu:<\/p>\n<p>Recht auf Auskunft (Art. 15 DSGVO)<\/p>\n<p>Recht auf Berichtigung (Art. 16 DSGVO) oder L\u00f6schung (Art. 17 DSGVO)<\/p>\n<p>Recht auf Einschr\u00e4nkung der Verarbeitung (Art. 18 DSGVO)<\/p>\n<p>Recht auf Daten\u00fcbertragbarkeit (Art. 20 DSGVO)<\/p>\n<p>Widerspruchsrecht gegen die Verarbeitung (Art. 21 DSGVO)<\/p>\n<p>Zur Geltendmachung Ihrer Rechte und bei Fragen wenden Sie sich per E-Mail an info@abenteuerangeln.at oder per Post an: Erlebniscamp Abenteuer Angeln, Reinhard Frewein, Remschniggstra\u00dfe 260, 8454 Arnfels<\/p>\n<p><b>Rechtsbehelf<\/b><br \/>\nWenn Sie der Ansicht sind, dass die Verarbeitung Ihrer personenbezogenen Daten gegen europ\u00e4isches oder nationales Datenschutzrecht verst\u00f6\u00dft, haben Sie das Recht, Beschwerde bei der zust\u00e4ndigen Aufsichtsbeh\u00f6rde einzulegen. In \u00d6sterreich ist dies die \u00d6sterreichische Datenschutzbeh\u00f6rde.<\/p>\n<p>Stand: Februar 2025<\/p>\n<\/div><\/section>\n<div  class='avia-button-wrap av-m7de7ywe-e8ed6f081e4d7d581fc43fdfc0da1fc1-wrap avia-button-left  avia-builder-el-3  el_after_av_textblock  avia-builder-el-last '>\n<style type=\"text\/css\" data-created_by=\"avia_inline_auto\" id=\"style-css-av-m7de7ywe-e8ed6f081e4d7d581fc43fdfc0da1fc1\">\n#top #wrap_all .avia-button.av-m7de7ywe-e8ed6f081e4d7d581fc43fdfc0da1fc1{\nbackground-color:#ff0000;\nborder-color:#ff0000;\ncolor:#ffffff;\ntransition:all 0.4s ease-in-out;\n}\n#top #wrap_all .avia-button.av-m7de7ywe-e8ed6f081e4d7d581fc43fdfc0da1fc1 .avia-svg-icon svg:first-child{\nfill:#ffffff;\nstroke:#ffffff;\n}\n<\/style>\n<a href='http:\/\/www.abenteuerangeln.at\/wordpress\/dokumente\/Datenschutz2025.pdf'  class='avia-button av-m7de7ywe-e8ed6f081e4d7d581fc43fdfc0da1fc1 av-link-btn avia-icon_select-yes-left-icon avia-size-x-large avia-position-left'  target=\"_blank\"  rel=\"noopener noreferrer\"  aria-label=\"Datenschutz Downloaden\"><span class='avia_button_icon avia_button_icon_left avia-iconfont avia-font-entypo-fontello' data-av_icon='\ue84c' data-av_iconfont='entypo-fontello' ><\/span><span class='avia_iconbox_title' >Datenschutz Downloaden<\/span><\/a><\/div>\n\n","protected":false},"excerpt":{"rendered":"","protected":false},"author":1,"featured_media":0,"parent":0,"menu_order":0,"comment_status":"closed","ping_status":"closed","template":"","meta":{"footnotes":""},"class_list":["post-2645","page","type-page","status-publish","hentry"],"yoast_head":"<!-- This site is optimized with the Yoast SEO plugin v27.4 - https:\/\/yoast.com\/product\/yoast-seo-wordpress\/ -->\n<title>Datenschutzerkl\u00e4rung - Abenteuerangeln<\/title>\n<meta name=\"robots\" content=\"index, follow, max-snippet:-1, max-image-preview:large, max-video-preview:-1\" \/>\n<link rel=\"canonical\" href=\"http:\/\/www.abenteuerangeln.at\/wordpress\/datenschutzerklaerung\/\" \/>\n<meta property=\"og:locale\" content=\"de_DE\" \/>\n<meta property=\"og:type\" content=\"article\" \/>\n<meta property=\"og:title\" content=\"Datenschutzerkl\u00e4rung - Abenteuerangeln\" \/>\n<meta property=\"og:url\" content=\"http:\/\/www.abenteuerangeln.at\/wordpress\/datenschutzerklaerung\/\" \/>\n<meta property=\"og:site_name\" content=\"Abenteuerangeln\" \/>\n<meta property=\"article:publisher\" content=\"http:\/\/www.facebook.com\/freweinreinhard\/abenteuerangeln\/\" \/>\n<meta property=\"article:modified_time\" content=\"2025-02-20T13:50:34+00:00\" \/>\n<meta name=\"twitter:card\" content=\"summary_large_image\" \/>\n<meta name=\"twitter:label1\" content=\"Gesch\u00e4tzte Lesezeit\" \/>\n\t<meta name=\"twitter:data1\" content=\"4\u00a0Minuten\" \/>\n<script type=\"application\/ld+json\" class=\"yoast-schema-graph\">{\"@context\":\"https:\\\/\\\/schema.org\",\"@graph\":[{\"@type\":\"WebPage\",\"@id\":\"http:\\\/\\\/www.abenteuerangeln.at\\\/wordpress\\\/datenschutzerklaerung\\\/\",\"url\":\"http:\\\/\\\/www.abenteuerangeln.at\\\/wordpress\\\/datenschutzerklaerung\\\/\",\"name\":\"Datenschutzerkl\u00e4rung - Abenteuerangeln\",\"isPartOf\":{\"@id\":\"https:\\\/\\\/www.abenteuerangeln.at\\\/wordpress\\\/#website\"},\"datePublished\":\"2018-07-26T13:58:39+00:00\",\"dateModified\":\"2025-02-20T13:50:34+00:00\",\"breadcrumb\":{\"@id\":\"http:\\\/\\\/www.abenteuerangeln.at\\\/wordpress\\\/datenschutzerklaerung\\\/#breadcrumb\"},\"inLanguage\":\"de\",\"potentialAction\":[{\"@type\":\"ReadAction\",\"target\":[\"http:\\\/\\\/www.abenteuerangeln.at\\\/wordpress\\\/datenschutzerklaerung\\\/\"]}]},{\"@type\":\"BreadcrumbList\",\"@id\":\"http:\\\/\\\/www.abenteuerangeln.at\\\/wordpress\\\/datenschutzerklaerung\\\/#breadcrumb\",\"itemListElement\":[{\"@type\":\"ListItem\",\"position\":1,\"name\":\"Startseite\",\"item\":\"https:\\\/\\\/www.abenteuerangeln.at\\\/wordpress\\\/\"},{\"@type\":\"ListItem\",\"position\":2,\"name\":\"Datenschutzerkl\u00e4rung\"}]},{\"@type\":\"WebSite\",\"@id\":\"https:\\\/\\\/www.abenteuerangeln.at\\\/wordpress\\\/#website\",\"url\":\"https:\\\/\\\/www.abenteuerangeln.at\\\/wordpress\\\/\",\"name\":\"Abenteuerangeln\",\"description\":\"Erlebniscamp Abenteuer Angeln, Zeltlager\",\"publisher\":{\"@id\":\"https:\\\/\\\/www.abenteuerangeln.at\\\/wordpress\\\/#organization\"},\"potentialAction\":[{\"@type\":\"SearchAction\",\"target\":{\"@type\":\"EntryPoint\",\"urlTemplate\":\"https:\\\/\\\/www.abenteuerangeln.at\\\/wordpress\\\/?s={search_term_string}\"},\"query-input\":{\"@type\":\"PropertyValueSpecification\",\"valueRequired\":true,\"valueName\":\"search_term_string\"}}],\"inLanguage\":\"de\"},{\"@type\":\"Organization\",\"@id\":\"https:\\\/\\\/www.abenteuerangeln.at\\\/wordpress\\\/#organization\",\"name\":\"Erlebniscamp Abenteuer Angeln\",\"url\":\"https:\\\/\\\/www.abenteuerangeln.at\\\/wordpress\\\/\",\"logo\":{\"@type\":\"ImageObject\",\"inLanguage\":\"de\",\"@id\":\"https:\\\/\\\/www.abenteuerangeln.at\\\/wordpress\\\/#\\\/schema\\\/logo\\\/image\\\/\",\"url\":\"http:\\\/\\\/www.abenteuerangeln.at\\\/wordpress\\\/wp-content\\\/uploads\\\/2025\\\/01\\\/aa_logo-1.png\",\"contentUrl\":\"http:\\\/\\\/www.abenteuerangeln.at\\\/wordpress\\\/wp-content\\\/uploads\\\/2025\\\/01\\\/aa_logo-1.png\",\"width\":340,\"height\":156,\"caption\":\"Erlebniscamp Abenteuer Angeln\"},\"image\":{\"@id\":\"https:\\\/\\\/www.abenteuerangeln.at\\\/wordpress\\\/#\\\/schema\\\/logo\\\/image\\\/\"},\"sameAs\":[\"http:\\\/\\\/www.facebook.com\\\/freweinreinhard\\\/abenteuerangeln\\\/\",\"https:\\\/\\\/www.instagram.com\\\/abenteuerangeln_kurse\\\/\"]}]}<\/script>\n<!-- \/ Yoast SEO plugin. -->","yoast_head_json":{"title":"Datenschutzerkl\u00e4rung - Abenteuerangeln","robots":{"index":"index","follow":"follow","max-snippet":"max-snippet:-1","max-image-preview":"max-image-preview:large","max-video-preview":"max-video-preview:-1"},"canonical":"http:\/\/www.abenteuerangeln.at\/wordpress\/datenschutzerklaerung\/","og_locale":"de_DE","og_type":"article","og_title":"Datenschutzerkl\u00e4rung - Abenteuerangeln","og_url":"http:\/\/www.abenteuerangeln.at\/wordpress\/datenschutzerklaerung\/","og_site_name":"Abenteuerangeln","article_publisher":"http:\/\/www.facebook.com\/freweinreinhard\/abenteuerangeln\/","article_modified_time":"2025-02-20T13:50:34+00:00","twitter_card":"summary_large_image","twitter_misc":{"Gesch\u00e4tzte Lesezeit":"4\u00a0Minuten"},"schema":{"@context":"https:\/\/schema.org","@graph":[{"@type":"WebPage","@id":"http:\/\/www.abenteuerangeln.at\/wordpress\/datenschutzerklaerung\/","url":"http:\/\/www.abenteuerangeln.at\/wordpress\/datenschutzerklaerung\/","name":"Datenschutzerkl\u00e4rung - Abenteuerangeln","isPartOf":{"@id":"https:\/\/www.abenteuerangeln.at\/wordpress\/#website"},"datePublished":"2018-07-26T13:58:39+00:00","dateModified":"2025-02-20T13:50:34+00:00","breadcrumb":{"@id":"http:\/\/www.abenteuerangeln.at\/wordpress\/datenschutzerklaerung\/#breadcrumb"},"inLanguage":"de","potentialAction":[{"@type":"ReadAction","target":["http:\/\/www.abenteuerangeln.at\/wordpress\/datenschutzerklaerung\/"]}]},{"@type":"BreadcrumbList","@id":"http:\/\/www.abenteuerangeln.at\/wordpress\/datenschutzerklaerung\/#breadcrumb","itemListElement":[{"@type":"ListItem","position":1,"name":"Startseite","item":"https:\/\/www.abenteuerangeln.at\/wordpress\/"},{"@type":"ListItem","position":2,"name":"Datenschutzerkl\u00e4rung"}]},{"@type":"WebSite","@id":"https:\/\/www.abenteuerangeln.at\/wordpress\/#website","url":"https:\/\/www.abenteuerangeln.at\/wordpress\/","name":"Abenteuerangeln","description":"Erlebniscamp Abenteuer Angeln, Zeltlager","publisher":{"@id":"https:\/\/www.abenteuerangeln.at\/wordpress\/#organization"},"potentialAction":[{"@type":"SearchAction","target":{"@type":"EntryPoint","urlTemplate":"https:\/\/www.abenteuerangeln.at\/wordpress\/?s={search_term_string}"},"query-input":{"@type":"PropertyValueSpecification","valueRequired":true,"valueName":"search_term_string"}}],"inLanguage":"de"},{"@type":"Organization","@id":"https:\/\/www.abenteuerangeln.at\/wordpress\/#organization","name":"Erlebniscamp Abenteuer Angeln","url":"https:\/\/www.abenteuerangeln.at\/wordpress\/","logo":{"@type":"ImageObject","inLanguage":"de","@id":"https:\/\/www.abenteuerangeln.at\/wordpress\/#\/schema\/logo\/image\/","url":"http:\/\/www.abenteuerangeln.at\/wordpress\/wp-content\/uploads\/2025\/01\/aa_logo-1.png","contentUrl":"http:\/\/www.abenteuerangeln.at\/wordpress\/wp-content\/uploads\/2025\/01\/aa_logo-1.png","width":340,"height":156,"caption":"Erlebniscamp Abenteuer Angeln"},"image":{"@id":"https:\/\/www.abenteuerangeln.at\/wordpress\/#\/schema\/logo\/image\/"},"sameAs":["http:\/\/www.facebook.com\/freweinreinhard\/abenteuerangeln\/","https:\/\/www.instagram.com\/abenteuerangeln_kurse\/"]}]}},"_links":{"self":[{"href":"http:\/\/www.abenteuerangeln.at\/wordpress\/wp-json\/wp\/v2\/pages\/2645","targetHints":{"allow":["GET"]}}],"collection":[{"href":"http:\/\/www.abenteuerangeln.at\/wordpress\/wp-json\/wp\/v2\/pages"}],"about":[{"href":"http:\/\/www.abenteuerangeln.at\/wordpress\/wp-json\/wp\/v2\/types\/page"}],"author":[{"embeddable":true,"href":"http:\/\/www.abenteuerangeln.at\/wordpress\/wp-json\/wp\/v2\/users\/1"}],"replies":[{"embeddable":true,"href":"http:\/\/www.abenteuerangeln.at\/wordpress\/wp-json\/wp\/v2\/comments?post=2645"}],"version-history":[{"count":25,"href":"http:\/\/www.abenteuerangeln.at\/wordpress\/wp-json\/wp\/v2\/pages\/2645\/revisions"}],"predecessor-version":[{"id":10669,"href":"http:\/\/www.abenteuerangeln.at\/wordpress\/wp-json\/wp\/v2\/pages\/2645\/revisions\/10669"}],"wp:attachment":[{"href":"http:\/\/www.abenteuerangeln.at\/wordpress\/wp-json\/wp\/v2\/media?parent=2645"}],"curies":[{"name":"wp","href":"https:\/\/api.w.org\/{rel}","templated":true}]}}