{"id":3561,"date":"2019-12-09T12:45:25","date_gmt":"2019-12-09T11:45:25","guid":{"rendered":"http:\/\/www.abenteuerangeln.at\/wordpress\/agb\/"},"modified":"2025-02-20T14:39:12","modified_gmt":"2025-02-20T13:39:12","slug":"agb","status":"publish","type":"page","link":"http:\/\/www.abenteuerangeln.at\/wordpress\/agb\/","title":{"rendered":"AGB"},"content":{"rendered":"\n<style type=\"text\/css\" data-created_by=\"avia_inline_auto\" id=\"style-css-av-m7ddpnty-4805d6a23e71c0b5c249889accffabcb\">\n.avia-section.av-m7ddpnty-4805d6a23e71c0b5c249889accffabcb{\nbackground-color:#f2f2f2;\nbackground-image:unset;\n}\n<\/style>\n<div id='av_section_1'  class='avia-section av-m7ddpnty-4805d6a23e71c0b5c249889accffabcb main_color avia-section-default avia-no-border-styling  avia-builder-el-0  avia-builder-el-no-sibling  avia-bg-style-scroll container_wrap fullsize'  ><div class='container av-section-cont-open' ><main  role=\"main\" itemprop=\"mainContentOfPage\"  class='template-page content  av-content-full alpha units'><div class='post-entry post-entry-type-page post-entry-3561'><div class='entry-content-wrapper clearfix'>\n\n<style type=\"text\/css\" data-created_by=\"avia_inline_auto\" id=\"style-css-av-av_heading-97a886a165c766a5ee48c3999089c38e\">\n#top .av-special-heading.av-av_heading-97a886a165c766a5ee48c3999089c38e{\npadding-bottom:10px;\n}\nbody .av-special-heading.av-av_heading-97a886a165c766a5ee48c3999089c38e .av-special-heading-tag .heading-char{\nfont-size:25px;\n}\n.av-special-heading.av-av_heading-97a886a165c766a5ee48c3999089c38e .av-subheading{\nfont-size:15px;\n}\n<\/style>\n<div  class='av-special-heading av-av_heading-97a886a165c766a5ee48c3999089c38e av-special-heading-h1 blockquote modern-quote  avia-builder-el-1  el_before_av_textblock  avia-builder-el-first '><h1 class='av-special-heading-tag '  itemprop=\"headline\"  >Allgemeine Gesch\u00e4ftsbedingungen Abenteuer-Angeln<\/h1><div class=\"special-heading-border\"><div class=\"special-heading-inner-border\"><\/div><\/div><\/div>\n\n<style type=\"text\/css\" data-created_by=\"avia_inline_auto\" id=\"style-css-av-m7ddo3ut-b12fe3e9b3828f265571004fd1a5a6e9\">\n#top .av_textblock_section.av-m7ddo3ut-b12fe3e9b3828f265571004fd1a5a6e9 .avia_textblock{\nfont-size:16px;\n}\n<\/style>\n<section  class='av_textblock_section av-m7ddo3ut-b12fe3e9b3828f265571004fd1a5a6e9 '   itemscope=\"itemscope\" itemtype=\"https:\/\/schema.org\/CreativeWork\" ><div class='avia_textblock'  itemprop=\"text\" ><p><b>1. Anmeldung und Zahlung<\/b><br \/>\nDie verbindliche Anmeldung kann ausschlie\u00dflich online erfolgen. Mit Erhalt der Buchungsbest\u00e4tigung ist eine Anzahlung in H\u00f6he von 50 % des Gesamtpreises f\u00e4llig. Nach Eingang der Anzahlung wird der Campplatz verbindlich reserviert. Die Anzahlung wird auf den Camppreis angerechnet. Die Restzahlung muss sp\u00e4testens vier Wochen vor Beginn des<br \/>\nAbenteuer-Angeln-Camps oder nach individueller Vereinbarung geleistet werden.<\/p>\n<p><b>2. Teilnahme Minderj\u00e4hriger<\/b><br \/>\nIst der Teilnehmer zum Zeitpunkt der Anmeldung nicht vollj\u00e4hrig, erfolgt die Anmeldung durch die Erziehungsberechtigten. Diese erkennen die Teilnahmebedingungen mit der Anmeldung an.<\/p>\n<p><b>3. Leistungen und Programm<\/b><br \/>\nDer Camppreis umfasst die auf der Webseite www.abenteuerangeln.at aufgef\u00fchrten Leistungen. Zusatzangebote wie Futterbeitrag oder Schnuppertauchen sind separat zu bezahlen. Das ver\u00f6ffentlichte Programm dient als Orientierung \u2013 das tats\u00e4chlich durchgef\u00fchrte Programm wird an die Bed\u00fcrfnisse und Interessen der Teilnehmer sowie an die jeweilige Wettersituation angepasst.<\/p>\n<p><b>4. R\u00fccktritt und Stornobedingungen<\/b><br \/>\nDer Teilnehmer kann jederzeit vor Beginn des Camps vom Vertrag zur\u00fccktreten. Ma\u00dfgeblich f\u00fcr den Zeitpunkt des R\u00fccktritts ist der Eingang der schriftlichen Stornierung. Die Stornogeb\u00fchren sind wie folgt gestaffelt:<\/p>\n<p>60 Tage vor Campbeginn: 100 % R\u00fcckerstattung<br \/>\n59 bis 20 Tage vor Campbeginn:35 % Stornokosten<br \/>\n19 bis 10 Tage vor Campbeginn: 60 % Stornokosten<br \/>\n9 bis 5 Tage vor Campbeginn: 85 % Stornokosten<br \/>\n3 Tagen vor Campbeginn: 100 % Stornokosten<\/p>\n<p>Campbeginn ist der erste Tag der ersten Campwoche. Prozentwerte werden vom Camppreis errechnet.<\/p>\n<p><b>5. Nichtanreise oder Abbruch des Camps<\/b><br \/>\nReist ein Teilnehmer ohne vorherige Stornierung nicht an oder bricht er das Abenteuer-Angeln-Camp aus pers\u00f6nlichen oder anderen Gr\u00fcnden vorzeitig ab, betragen die Stornierungskosten 100 % des Camppreises. Der Grund f\u00fcr die Stornierung ist f\u00fcr Abenteuer Angeln unerheblich. Wir empfehlen den Abschluss einer Reiser\u00fccktrittsversicherung.<\/p>\n<p><b>6. Mindestteilnehmerzahl und Absage des Camps<\/b><br \/>\nDie Mindestteilnehmerzahl betr\u00e4gt 10 Teilnehmer pro Abenteuer-Angeln-Camp, sofern keine andere Teilnehmerzahl angegeben ist. Wird die Mindestteilnehmerzahl nicht erreicht, beh\u00e4lt sich Abenteuer-Angeln das Recht vor, das Camp bis eine Woche vor Beginn abzusagen. Die bereits geleisteten Zahlungen werden in vollem Umfang erstattet. Weitergehende Anspr\u00fcche bestehen nicht.<\/p>\n<p><b>7. Fr\u00fchzeitige Abreise und Verantwortung der Erziehungsberechtigten<\/b><br \/>\nEine R\u00fcckerstattung des Teilnahmebeitrags bei fr\u00fchzeitiger Abreise (z. B. wegen Krankheit oder Nichteinhaltung der Campordnung) ist nicht m\u00f6glich. Die Erziehungsberechtigten verpflichten sich, f\u00fcr die Abholung ihres Kindes zu sorgen. Anfallende Kosten f\u00fcr die vorzeitige Heimreise sind von den Erziehungsberechtigten zu tragen. Sachbesch\u00e4digungen durch Teilnehmer sind ebenfalls von den Erziehungsberechtigten zu ersetzen.<\/p>\n<p><b>8. Mitzubringende Ausr\u00fcstung und Verhalten im Camp<\/b><br \/>\nNeben der E-Card sind alle relevanten Ausr\u00fcstungsgegenst\u00e4nde mitzubringen. F\u00fcr verlorene, besch\u00e4digte, ausgeliehene oder zu Bruch gegangene Ausr\u00fcstung \u00fcbernimmt<br \/>\nAbenteuer-Angeln keine Haftung. Die Teilnehmer sollten mit der Ausr\u00fcstung sorgsam umzugehen. Die Teilnehmer m\u00fcssen sich an die Grundregeln des Zusammenlebens in einer Gemeinschaft halten, die Campordnung respektieren und die Sitten und Gebr\u00e4uche des Gastgebers beachten.<\/p>\n<p><b>9. Haftung und Bef\u00f6rderung in Ausnahmef\u00e4llen<\/b><br \/>\nDer Verein Abenteuer Angeln (Remschniggstra\u00dfe 260, 8454 Arnfels, ZVR 1031725531) tr\u00e4gt die Verantwortung f\u00fcr die ordnungsgem\u00e4\u00dfe Durchf\u00fchrung des Abenteuer-Angeln-Camps. Die Erziehungsberechtigten erkl\u00e4ren sich einverstanden, dass ihr Kind in Ausnahmef\u00e4llen (z. B. f\u00fcr einen Arztbesuch, Fahrt zum Schnuppertauchen) im Fahrzeug eines Betreuers oder einer beauftragten Person mitfahren darf. Eine Haftung gegen\u00fcber Fahrer und Halter des Fahrzeugs wird, soweit nicht durch eine Versicherung gedeckt, ausgeschlossen.<\/p>\n<p><b>10. Handynutzung<\/b><br \/>\nAbenteuer-Angeln bedeutet bewusstes Erleben ohne Handy! Falls ein Teilnehmer dennoch ein Mobiltelefon mitbringt, kann dieses von der Camp-Leitung eingesammelt und bis zur Abreise verwahrt werden. Es wird einmal t\u00e4glich zum Fotografieren ausgeh\u00e4ndigt. Falls erforderlich, werden die Erziehungsberechtigten von der Camp-Leitung kontaktiert. Solange Sie nichts von uns h\u00f6ren, geht es Ihrem Kind gut! Bitte haben Sie Verst\u00e4ndnis f\u00fcr diese Ma\u00dfnahme, da sie sich in der Praxis als \u00e4u\u00dferst sinnvoll erwiesen hat.<\/p>\n<p><b>11. Selbstst\u00e4ndigkeit und Wertgegenst\u00e4nde<\/b><br \/>\nDie Teilnahme am Abenteuer-Angeln-Camp setzt ein gewisses Ma\u00df an Selbstst\u00e4ndigkeit voraus (z. B. bei K\u00f6rperpflege, Bekleidung und Verpflegung). Um das Wiederfinden von verlorenen Gegenst\u00e4nden zu erleichtern, sollten alle pers\u00f6nlichen Gegenst\u00e4nde, insbesondere Kleidung, mit dem Namen des Teilnehmers gekennzeichnet sein. F\u00fcr verlorene, Kaputte, Ausgeliehene oder zu Bruch gegangene Ausr\u00fcstung \u00fcbernimmt Abenteuer-Angeln keine Haftung<\/p>\n<p>F\u00fcr Geld, Wertsachen oder elektronische Ger\u00e4te (z. B. Handys, Unterhaltungselektronik, Spielekonsolen, Schmuck) \u00fcbernimmt Abenteuer-Angeln keine Haftung. Geld sollte stets am K\u00f6rper getragen oder zur sicheren Verwahrung der Camp-Leitung \u00fcbergeben werden. In den Zelten aufbewahrtes Geld ist nicht versichert.<\/p>\n<p>Stand: Februar 2025<\/p>\n<hr \/>\n<p><strong>Camp-Termine &amp; Preise<\/strong><\/p>\n<p><strong>Erste Woche<\/strong>: 27. Juli bis 2. August 2025<br \/>\n<strong>Kosten:<\/strong> \u20ac 475,\u2013<\/p>\n<p><strong>Zweite Woche<\/strong>: 3. bis 9. August 2025<br \/>\n<strong>Kosten:<\/strong> \u20ac 475,\u2013<\/p>\n<p><strong>Zweite Woche (15+)<\/strong>: 3. bis 9. August 2025<br \/>\n<strong>Kosten:<\/strong> \u20ac 475,\u2013<\/p>\n<p><strong>Dritte Woche<\/strong>: 10. bis 16. August 2025<br \/>\n<strong>Kosten:<\/strong> \u20ac 475,\u2013<\/p>\n<p><strong>Erste &amp; zweite Woche<\/strong>: 27. Juli bis 9. August 2025<br \/>\n<strong>Kosten f\u00fcr 2 Wochen:<\/strong> \u20ac 900,\u2013<\/p>\n<p><strong>Zweite &amp; dritte Woche<\/strong>: 3. bis 16. August 2025<br \/>\n<strong>Kosten f\u00fcr 2 Wochen:<\/strong> \u20ac 900,\u2013<\/p>\n<p><strong>Alle drei Wochen<\/strong>: 27. Juli bis 16. August 2025<br \/>\n<strong>Kosten f\u00fcr 3 Wochen:<\/strong> \u20ac 1.350,\u2013<\/p>\n<p><strong>Schnuppertauchen (Mittwochs in jeder Woche):<\/strong> \u20ac 85,\u2013<\/p>\n<p><strong>Futterbeitrag:<\/strong> \u20ac 15,\u2013<\/p>\n<hr \/>\n<p><strong>Bankverbindung<\/strong><\/p>\n<p><strong>Bank: <\/strong>Raiffeisenbank Gleinst\u00e4tten-Leutschach-Wildon eGen<br \/>\n<strong>Kontoinhaber:<\/strong> Kindererlebniscamp<br \/>\n<strong>BLZ:<\/strong> 38262<br \/>\n<strong>IBAN:<\/strong> AT81 3810 2000 0603 0324<br \/>\n<strong>BIC:<\/strong> RZSTAT2G262<\/p>\n<\/div><\/section>\n<div  class='avia-button-wrap av-m7ddyh1l-e6424e4cfd8e02cfcef4509deb836f9f-wrap avia-button-left  avia-builder-el-3  el_after_av_textblock  avia-builder-el-last '>\n<style type=\"text\/css\" data-created_by=\"avia_inline_auto\" id=\"style-css-av-m7ddyh1l-e6424e4cfd8e02cfcef4509deb836f9f\">\n#top #wrap_all .avia-button.av-m7ddyh1l-e6424e4cfd8e02cfcef4509deb836f9f{\nbackground-color:#ff0000;\nborder-color:#ff0000;\ncolor:#ffffff;\ntransition:all 0.4s ease-in-out;\n}\n#top #wrap_all .avia-button.av-m7ddyh1l-e6424e4cfd8e02cfcef4509deb836f9f .avia-svg-icon svg:first-child{\nfill:#ffffff;\nstroke:#ffffff;\n}\n<\/style>\n<a href='http:\/\/www.abenteuerangeln.at\/wordpress\/dokumente\/AGB2025.pdf'  class='avia-button av-m7ddyh1l-e6424e4cfd8e02cfcef4509deb836f9f av-link-btn avia-icon_select-yes-left-icon avia-size-x-large avia-position-left'  target=\"_blank\"  rel=\"noopener noreferrer\"  aria-label=\"AGB Downloaden\"><span class='avia_button_icon avia_button_icon_left avia-iconfont avia-font-entypo-fontello' data-av_icon='\ue84c' data-av_iconfont='entypo-fontello' ><\/span><span class='avia_iconbox_title' >AGB Downloaden<\/span><\/a><\/div>\n\n","protected":false},"excerpt":{"rendered":"","protected":false},"author":1,"featured_media":0,"parent":0,"menu_order":0,"comment_status":"closed","ping_status":"closed","template":"","meta":{"footnotes":""},"class_list":["post-3561","page","type-page","status-publish","hentry"],"yoast_head":"<!-- This site is optimized with the Yoast SEO plugin v27.4 - https:\/\/yoast.com\/product\/yoast-seo-wordpress\/ -->\n<title>AGB - Abenteuerangeln<\/title>\n<meta name=\"robots\" content=\"index, follow, max-snippet:-1, max-image-preview:large, max-video-preview:-1\" \/>\n<link rel=\"canonical\" href=\"https:\/\/www.abenteuerangeln.at\/wordpress\/agb\/\" \/>\n<meta property=\"og:locale\" content=\"de_DE\" \/>\n<meta property=\"og:type\" content=\"article\" \/>\n<meta property=\"og:title\" content=\"AGB - Abenteuerangeln\" \/>\n<meta property=\"og:url\" content=\"https:\/\/www.abenteuerangeln.at\/wordpress\/agb\/\" \/>\n<meta property=\"og:site_name\" content=\"Abenteuerangeln\" \/>\n<meta property=\"article:publisher\" content=\"http:\/\/www.facebook.com\/freweinreinhard\/abenteuerangeln\/\" \/>\n<meta property=\"article:modified_time\" content=\"2025-02-20T13:39:12+00:00\" \/>\n<meta name=\"twitter:card\" content=\"summary_large_image\" \/>\n<meta name=\"twitter:label1\" content=\"Gesch\u00e4tzte Lesezeit\" \/>\n\t<meta name=\"twitter:data1\" content=\"5\u00a0Minuten\" \/>\n<script type=\"application\/ld+json\" class=\"yoast-schema-graph\">{\"@context\":\"https:\\\/\\\/schema.org\",\"@graph\":[{\"@type\":\"WebPage\",\"@id\":\"https:\\\/\\\/www.abenteuerangeln.at\\\/wordpress\\\/agb\\\/\",\"url\":\"https:\\\/\\\/www.abenteuerangeln.at\\\/wordpress\\\/agb\\\/\",\"name\":\"AGB - Abenteuerangeln\",\"isPartOf\":{\"@id\":\"http:\\\/\\\/www.abenteuerangeln.at\\\/wordpress\\\/#website\"},\"datePublished\":\"2019-12-09T11:45:25+00:00\",\"dateModified\":\"2025-02-20T13:39:12+00:00\",\"breadcrumb\":{\"@id\":\"https:\\\/\\\/www.abenteuerangeln.at\\\/wordpress\\\/agb\\\/#breadcrumb\"},\"inLanguage\":\"de\",\"potentialAction\":[{\"@type\":\"ReadAction\",\"target\":[\"https:\\\/\\\/www.abenteuerangeln.at\\\/wordpress\\\/agb\\\/\"]}]},{\"@type\":\"BreadcrumbList\",\"@id\":\"https:\\\/\\\/www.abenteuerangeln.at\\\/wordpress\\\/agb\\\/#breadcrumb\",\"itemListElement\":[{\"@type\":\"ListItem\",\"position\":1,\"name\":\"Startseite\",\"item\":\"http:\\\/\\\/www.abenteuerangeln.at\\\/wordpress\\\/\"},{\"@type\":\"ListItem\",\"position\":2,\"name\":\"AGB\"}]},{\"@type\":\"WebSite\",\"@id\":\"http:\\\/\\\/www.abenteuerangeln.at\\\/wordpress\\\/#website\",\"url\":\"http:\\\/\\\/www.abenteuerangeln.at\\\/wordpress\\\/\",\"name\":\"Abenteuerangeln\",\"description\":\"Erlebniscamp Abenteuer Angeln, Zeltlager\",\"publisher\":{\"@id\":\"http:\\\/\\\/www.abenteuerangeln.at\\\/wordpress\\\/#organization\"},\"potentialAction\":[{\"@type\":\"SearchAction\",\"target\":{\"@type\":\"EntryPoint\",\"urlTemplate\":\"http:\\\/\\\/www.abenteuerangeln.at\\\/wordpress\\\/?s={search_term_string}\"},\"query-input\":{\"@type\":\"PropertyValueSpecification\",\"valueRequired\":true,\"valueName\":\"search_term_string\"}}],\"inLanguage\":\"de\"},{\"@type\":\"Organization\",\"@id\":\"http:\\\/\\\/www.abenteuerangeln.at\\\/wordpress\\\/#organization\",\"name\":\"Erlebniscamp Abenteuer Angeln\",\"url\":\"http:\\\/\\\/www.abenteuerangeln.at\\\/wordpress\\\/\",\"logo\":{\"@type\":\"ImageObject\",\"inLanguage\":\"de\",\"@id\":\"http:\\\/\\\/www.abenteuerangeln.at\\\/wordpress\\\/#\\\/schema\\\/logo\\\/image\\\/\",\"url\":\"http:\\\/\\\/www.abenteuerangeln.at\\\/wordpress\\\/wp-content\\\/uploads\\\/2025\\\/01\\\/aa_logo-1.png\",\"contentUrl\":\"http:\\\/\\\/www.abenteuerangeln.at\\\/wordpress\\\/wp-content\\\/uploads\\\/2025\\\/01\\\/aa_logo-1.png\",\"width\":340,\"height\":156,\"caption\":\"Erlebniscamp Abenteuer Angeln\"},\"image\":{\"@id\":\"http:\\\/\\\/www.abenteuerangeln.at\\\/wordpress\\\/#\\\/schema\\\/logo\\\/image\\\/\"},\"sameAs\":[\"http:\\\/\\\/www.facebook.com\\\/freweinreinhard\\\/abenteuerangeln\\\/\",\"https:\\\/\\\/www.instagram.com\\\/abenteuerangeln_kurse\\\/\"]}]}<\/script>\n<!-- \/ Yoast SEO plugin. -->","yoast_head_json":{"title":"AGB - Abenteuerangeln","robots":{"index":"index","follow":"follow","max-snippet":"max-snippet:-1","max-image-preview":"max-image-preview:large","max-video-preview":"max-video-preview:-1"},"canonical":"https:\/\/www.abenteuerangeln.at\/wordpress\/agb\/","og_locale":"de_DE","og_type":"article","og_title":"AGB - Abenteuerangeln","og_url":"https:\/\/www.abenteuerangeln.at\/wordpress\/agb\/","og_site_name":"Abenteuerangeln","article_publisher":"http:\/\/www.facebook.com\/freweinreinhard\/abenteuerangeln\/","article_modified_time":"2025-02-20T13:39:12+00:00","twitter_card":"summary_large_image","twitter_misc":{"Gesch\u00e4tzte Lesezeit":"5\u00a0Minuten"},"schema":{"@context":"https:\/\/schema.org","@graph":[{"@type":"WebPage","@id":"https:\/\/www.abenteuerangeln.at\/wordpress\/agb\/","url":"https:\/\/www.abenteuerangeln.at\/wordpress\/agb\/","name":"AGB - Abenteuerangeln","isPartOf":{"@id":"http:\/\/www.abenteuerangeln.at\/wordpress\/#website"},"datePublished":"2019-12-09T11:45:25+00:00","dateModified":"2025-02-20T13:39:12+00:00","breadcrumb":{"@id":"https:\/\/www.abenteuerangeln.at\/wordpress\/agb\/#breadcrumb"},"inLanguage":"de","potentialAction":[{"@type":"ReadAction","target":["https:\/\/www.abenteuerangeln.at\/wordpress\/agb\/"]}]},{"@type":"BreadcrumbList","@id":"https:\/\/www.abenteuerangeln.at\/wordpress\/agb\/#breadcrumb","itemListElement":[{"@type":"ListItem","position":1,"name":"Startseite","item":"http:\/\/www.abenteuerangeln.at\/wordpress\/"},{"@type":"ListItem","position":2,"name":"AGB"}]},{"@type":"WebSite","@id":"http:\/\/www.abenteuerangeln.at\/wordpress\/#website","url":"http:\/\/www.abenteuerangeln.at\/wordpress\/","name":"Abenteuerangeln","description":"Erlebniscamp Abenteuer Angeln, Zeltlager","publisher":{"@id":"http:\/\/www.abenteuerangeln.at\/wordpress\/#organization"},"potentialAction":[{"@type":"SearchAction","target":{"@type":"EntryPoint","urlTemplate":"http:\/\/www.abenteuerangeln.at\/wordpress\/?s={search_term_string}"},"query-input":{"@type":"PropertyValueSpecification","valueRequired":true,"valueName":"search_term_string"}}],"inLanguage":"de"},{"@type":"Organization","@id":"http:\/\/www.abenteuerangeln.at\/wordpress\/#organization","name":"Erlebniscamp Abenteuer Angeln","url":"http:\/\/www.abenteuerangeln.at\/wordpress\/","logo":{"@type":"ImageObject","inLanguage":"de","@id":"http:\/\/www.abenteuerangeln.at\/wordpress\/#\/schema\/logo\/image\/","url":"http:\/\/www.abenteuerangeln.at\/wordpress\/wp-content\/uploads\/2025\/01\/aa_logo-1.png","contentUrl":"http:\/\/www.abenteuerangeln.at\/wordpress\/wp-content\/uploads\/2025\/01\/aa_logo-1.png","width":340,"height":156,"caption":"Erlebniscamp Abenteuer Angeln"},"image":{"@id":"http:\/\/www.abenteuerangeln.at\/wordpress\/#\/schema\/logo\/image\/"},"sameAs":["http:\/\/www.facebook.com\/freweinreinhard\/abenteuerangeln\/","https:\/\/www.instagram.com\/abenteuerangeln_kurse\/"]}]}},"_links":{"self":[{"href":"http:\/\/www.abenteuerangeln.at\/wordpress\/wp-json\/wp\/v2\/pages\/3561","targetHints":{"allow":["GET"]}}],"collection":[{"href":"http:\/\/www.abenteuerangeln.at\/wordpress\/wp-json\/wp\/v2\/pages"}],"about":[{"href":"http:\/\/www.abenteuerangeln.at\/wordpress\/wp-json\/wp\/v2\/types\/page"}],"author":[{"embeddable":true,"href":"http:\/\/www.abenteuerangeln.at\/wordpress\/wp-json\/wp\/v2\/users\/1"}],"replies":[{"embeddable":true,"href":"http:\/\/www.abenteuerangeln.at\/wordpress\/wp-json\/wp\/v2\/comments?post=3561"}],"version-history":[{"count":13,"href":"http:\/\/www.abenteuerangeln.at\/wordpress\/wp-json\/wp\/v2\/pages\/3561\/revisions"}],"predecessor-version":[{"id":10664,"href":"http:\/\/www.abenteuerangeln.at\/wordpress\/wp-json\/wp\/v2\/pages\/3561\/revisions\/10664"}],"wp:attachment":[{"href":"http:\/\/www.abenteuerangeln.at\/wordpress\/wp-json\/wp\/v2\/media?parent=3561"}],"curies":[{"name":"wp","href":"https:\/\/api.w.org\/{rel}","templated":true}]}}